{"id":459,"date":"2015-09-09T10:28:14","date_gmt":"2015-09-09T10:28:14","guid":{"rendered":"http:\/\/dev.cardiffdigs.co.uk\/?page_id=459"},"modified":"2025-10-29T11:39:56","modified_gmt":"2025-10-29T11:39:56","slug":"carueichcartrefwrthadael","status":"publish","type":"page","link":"https:\/\/www.cardiffdigs.co.uk\/cy\/gwastraff-ac-ailgylchu\/carueichcartrefwrthadael\/","title":{"rendered":"Myfyrwyr ar Fynd"},"content":{"rendered":"<div class=\"wpb-content-wrapper\"><p>[vc_row][vc_column width=&#8221;1\/1&#8243;]<div class=\"single_image wpb_content_element align-center    \" data-animation=\"none\" data-delay=\"0\"><img loading=\"lazy\" decoding=\"async\" width=\"1024\" height=\"576\" src=\"https:\/\/www.cardiffdigs.co.uk\/wp-content\/uploads\/Myfyrwyr-ar-Fynd-1024x576.jpg\" class=\"attachment-large\" alt=\"Cart\u0175n o ferch ifanc yn dal bocs o eitemau\u2019r cartref. Mae&#039;r testun o dan y cart\u0175n yn dweud &quot;Myfyrwyr ar Fynd&quot;\" title=\"Myfyrwyr ar Fynd\" srcset=\"https:\/\/www.cardiffdigs.co.uk\/wp-content\/uploads\/Myfyrwyr-ar-Fynd-1024x576.jpg 1024w, https:\/\/www.cardiffdigs.co.uk\/wp-content\/uploads\/Myfyrwyr-ar-Fynd-300x169.jpg 300w, https:\/\/www.cardiffdigs.co.uk\/wp-content\/uploads\/Myfyrwyr-ar-Fynd-768x432.jpg 768w, https:\/\/www.cardiffdigs.co.uk\/wp-content\/uploads\/Myfyrwyr-ar-Fynd-1536x864.jpg 1536w, https:\/\/www.cardiffdigs.co.uk\/wp-content\/uploads\/Myfyrwyr-ar-Fynd-1000x563.jpg 1000w, https:\/\/www.cardiffdigs.co.uk\/wp-content\/uploads\/Myfyrwyr-ar-Fynd.jpg 1920w\" sizes=\"auto, (max-width: 1024px) 100vw, 1024px\" \/><\/div>[vc_column_text]<\/p>\n<h1><strong>Myfyrwyr ar Fynd <\/strong><\/h1>\n<p>Mae gan fyfyrwyr yn aml ailgylchu, gwastraff ac eitemau eraill ychwanegol i&#8217;w gwaredu wrth symud t\u0177, felly cr\u00ebwyd\u00a0 <strong>Myfyrwyr ar Fynd<\/strong> i&#8217;ch helpu i ddod o hyd i ffyrdd cyfreithiol, diogel a chyfrifol o ddelio \u00e2&#8217;r pethau ychwanegol hynny.<\/p>\n<p>Darllenwch y canllaw hwn i ddysgu sut i gael gwared ar y pethau nad oes eu hangen arnoch mwyach![\/vc_column_text][\/vc_column][\/vc_row][vc_row top_padding=&#8221;35&#8243;][vc_column width=&#8221;1\/1&#8243;][vc_tta_accordion section_title_tag=&#8221;h2&#8243; style=&#8221;flat&#8221; shape=&#8221;square&#8221; color=&#8221;black&#8221; spacing=&#8221;5&#8243; gap=&#8221;15&#8243; active_section=&#8221;12&#8243; no_fill=&#8221;true&#8221; collapsible_all=&#8221;true&#8221;][vc_tta_section title=&#8221;Opsiynau os ydych chi&#8217;n byw mewn eiddo rhent&#8221; tab_id=&#8221;1620645336818-36ed59cd-18ef&#8221;][vc_column_text]Gall symud fod yn straen, ond peidiwch \u00e2 phoeni!\u00a0 Mae llawer o opsiynau ar gael i chi i&#8217;ch helpu i reoli&#8217;r eitemau ychwanegol hynny, sy&#8217;n syml ac yn gyfleus.<\/p>\n<p>I ddysgu mwy, darllenwch neu lawrlwythwch y <a href=\"https:\/\/issuu.com\/cardiffdigs_lletycaerdydd\/docs\/mywyrfyr_ar_fynd\"><strong>Canllaw Myfyrwyr ar Fynd. <\/strong><\/a><br \/>\n<img loading=\"lazy\" decoding=\"async\" class=\"alignnone size-medium wp-image-2887\" src=\"https:\/\/www.cardiffdigs.co.uk\/wp-content\/uploads\/Gwerthu-300x169.jpg\" alt=\"Cart\u0175n o ddyn ifanc yn eistedd ar soffa ac yn edrych ar ei ff\u00f4n symudol. Mae'r testun o dan y cart\u0175n yn dweud &quot;Gwerthwch!&quot;\" width=\"300\" height=\"169\" srcset=\"https:\/\/www.cardiffdigs.co.uk\/wp-content\/uploads\/Gwerthu-300x169.jpg 300w, https:\/\/www.cardiffdigs.co.uk\/wp-content\/uploads\/Gwerthu-1024x576.jpg 1024w, https:\/\/www.cardiffdigs.co.uk\/wp-content\/uploads\/Gwerthu-768x432.jpg 768w, https:\/\/www.cardiffdigs.co.uk\/wp-content\/uploads\/Gwerthu-1536x864.jpg 1536w, https:\/\/www.cardiffdigs.co.uk\/wp-content\/uploads\/Gwerthu-1000x563.jpg 1000w, https:\/\/www.cardiffdigs.co.uk\/wp-content\/uploads\/Gwerthu.jpg 1920w\" sizes=\"auto, (max-width: 300px) 100vw, 300px\" \/><\/p>\n<h3><strong>Gwerthu!<br \/>\nGallwch werthu eich eitemau os ydynt mewn cyflwr da ar-lein am arian parod gan ariannu eich anturiaethau dros yr haf.\u00a0 Mae yna rywun allan yna a fydd yn eu gwerthfawrogi cymaint ag yr oeddech chi ar un adeg.<\/strong><\/h3>\n<p>Mae yna lawer o ffyrdd i werthu eich pethau fel ar Depop, Vinted, eBay, Gumtree neu Facebook Marketplace.<br \/>\n<img loading=\"lazy\" decoding=\"async\" class=\"alignnone size-medium wp-image-2889\" src=\"https:\/\/www.cardiffdigs.co.uk\/wp-content\/uploads\/Rhoi-i-Elusen-300x169.jpg\" alt=\"Cart\u0175n o ddyn ifanc yn dal bag o fwyd nad yw\u2019n ddarbodus. Mae'r testun o dan y cart\u0175n yn dweud &quot;Rhoi i elusen!&quot;\" width=\"300\" height=\"169\" srcset=\"https:\/\/www.cardiffdigs.co.uk\/wp-content\/uploads\/Rhoi-i-Elusen-300x169.jpg 300w, https:\/\/www.cardiffdigs.co.uk\/wp-content\/uploads\/Rhoi-i-Elusen-1024x576.jpg 1024w, https:\/\/www.cardiffdigs.co.uk\/wp-content\/uploads\/Rhoi-i-Elusen-768x432.jpg 768w, https:\/\/www.cardiffdigs.co.uk\/wp-content\/uploads\/Rhoi-i-Elusen-1536x864.jpg 1536w, https:\/\/www.cardiffdigs.co.uk\/wp-content\/uploads\/Rhoi-i-Elusen-1000x563.jpg 1000w, https:\/\/www.cardiffdigs.co.uk\/wp-content\/uploads\/Rhoi-i-Elusen.jpg 1920w\" sizes=\"auto, (max-width: 300px) 100vw, 300px\" \/><\/p>\n<h3><strong>Rhoi i elusen!<br \/>\nOs ydych chi&#8217;n brin o amser i werthu eich eitemau, peidiwch \u00e2&#8217;u taflu.\u00a0 Ystyriwch eu rhoi i elusennau yn lle hynny.<\/strong><\/h3>\n<p>Chwiliwch ar-lein am bwyntiau rhoddion lleol neu rhowch gynnig ar:<\/p>\n<ul>\n<li><strong>Pwyntiau rhoddion Sefydliad Prydeinig y Galon<\/strong> ym Mhrifysgol Caerdydd a PDC neu gallwch ymweld \u00e2&#8217;u<a href=\"https:\/\/www.bhf.org.uk\/what-we-do\/find-bhf-near-you\/cardiff-furniture-electrical-store\"> siop ar Heol y Crwys<\/a>.<\/li>\n<li><strong>Pwyntiau rhoddion YMCA<\/strong> ym Mhrifysgol Metropolitan Caerdydd neu gallwch ymweld \u00e2&#8217;u <a href=\"https:\/\/ymca.org.uk\/shops\/ymca-cardiff\/\">siop ar Rhodfa Colchester<\/a>.<\/li>\n<li><strong>Y Caban<\/strong> yng <a href=\"https:\/\/www.facebook.com\/theCabinatLambyWay#\">Nghanolfan Ailgylchu Gwastraff y Cartref Ffordd Lamby<\/a>.<\/li>\n<li><strong>Gweithdy Beiciau Caerdydd<\/strong><a href=\"https:\/\/www.cardiffcycleworkshop.org.uk\/bike-recycling\/donate-a-bike\/\"> i roi beiciau<\/a>.<\/li>\n<\/ul>\n<p><img loading=\"lazy\" decoding=\"async\" class=\"alignnone size-medium wp-image-2888\" src=\"https:\/\/www.cardiffdigs.co.uk\/wp-content\/uploads\/Ailgylchu-300x169.jpg\" alt=\"Cart\u0175n o fenyw ifanc yn sefyll y tu \u00f4l i nifer o gynwysyddion ailgylchu a ddefnyddir yn ninas Caerdydd. Mae'r testun o dan y cart\u0175n yn dweud &quot;Ailgylchu!&quot;\" width=\"300\" height=\"169\" srcset=\"https:\/\/www.cardiffdigs.co.uk\/wp-content\/uploads\/Ailgylchu-300x169.jpg 300w, https:\/\/www.cardiffdigs.co.uk\/wp-content\/uploads\/Ailgylchu-1024x576.jpg 1024w, https:\/\/www.cardiffdigs.co.uk\/wp-content\/uploads\/Ailgylchu-768x432.jpg 768w, https:\/\/www.cardiffdigs.co.uk\/wp-content\/uploads\/Ailgylchu-1536x864.jpg 1536w, https:\/\/www.cardiffdigs.co.uk\/wp-content\/uploads\/Ailgylchu-1000x563.jpg 1000w, https:\/\/www.cardiffdigs.co.uk\/wp-content\/uploads\/Ailgylchu.jpg 1920w\" sizes=\"auto, (max-width: 300px) 100vw, 300px\" \/><\/p>\n<h3><strong>Ailgylchu!\u00a0<\/strong><\/h3>\n<p>Os na allwch ailgartrefu rhywbeth, ailgylchu yw&#8217;r ail ddewis gorau.\u00a0 Dyma sut:<\/p>\n<p>Defnyddiwch eich casgliadau ymyl y ffordd rheolaidd i gael gwared ar bethau cyn i chi symud allan.\u00a0 Gwiriwch eich diwrnod bin a beth sy&#8217;n mynd i ble trwy ymweld \u00e2 <a href=\"https:\/\/www.cardiff.gov.uk\/CYM\/preswylydd\/Sbwriel-ac-ailgylchu\/Pryd-gaiff-fy-miniau-eu-casglu\/Pages\/default.aspx\"><strong>gwefan Cyngor Caerdydd<\/strong><\/a>.<\/p>\n<p>Os oes angen i chi gael gwared ar eitemau mawr fel dodrefn neu offer mawr, yna <a href=\"https:\/\/www.cardiff.gov.uk\/CYM\/preswylydd\/Sbwriel-ac-ailgylchu\/Casgliadau-eitemau-swmpus\/Pages\/default.aspx\"><strong>trefnwch gasgliad swmpus<\/strong><\/a>.<\/p>\n<p>Ewch i ganolfan ailgylchu am ddim heb drefnu apwyntiad.\u00a0 Dangoswch eich cerdyn adnabod myfyriwr. I ddysgu mwy, ymwelwch \u00e2 <a href=\"https:\/\/www.cardiff.gov.uk\/CYM\/preswylydd\/Sbwriel-ac-ailgylchu\/canolfannau-ailgylchu\/Pages\/default.aspx\"><strong>Chanolfannau Ailgylchu Caerdydd<\/strong><\/a>.<\/p>\n<h3><strong><img loading=\"lazy\" decoding=\"async\" class=\"alignnone size-medium wp-image-2920\" src=\"https:\/\/www.cardiffdigs.co.uk\/wp-content\/uploads\/Dewch-Anhw-300x169.jpg\" alt=\"Cart\u0175n o ferch ifanc yn dal teledu. Mae'r testun o dan y cart\u0175n yn dweud &quot;Dewch \u00e2 nhw!&quot;\" width=\"300\" height=\"169\" srcset=\"https:\/\/www.cardiffdigs.co.uk\/wp-content\/uploads\/Dewch-Anhw-300x169.jpg 300w, https:\/\/www.cardiffdigs.co.uk\/wp-content\/uploads\/Dewch-Anhw-1024x576.jpg 1024w, https:\/\/www.cardiffdigs.co.uk\/wp-content\/uploads\/Dewch-Anhw-768x432.jpg 768w, https:\/\/www.cardiffdigs.co.uk\/wp-content\/uploads\/Dewch-Anhw-1536x864.jpg 1536w, https:\/\/www.cardiffdigs.co.uk\/wp-content\/uploads\/Dewch-Anhw-1000x563.jpg 1000w, https:\/\/www.cardiffdigs.co.uk\/wp-content\/uploads\/Dewch-Anhw.jpg 1920w\" sizes=\"auto, (max-width: 300px) 100vw, 300px\" \/><\/strong><\/h3>\n<h3><strong>Dewch \u00e2 nhw! <\/strong><\/h3>\n<p>Dewch \u00e2&#8217;ch eitemau i&#8217;n digwyddiad Tecaw\u00ea Mawr!<\/p>\n<p>Nid oes angen archebu lle, dim ond dod draw a rhoi eitemau i D\u00eem Ailgylchu Cyngor Caerdydd.<\/p>\n<p><strong>Eitemau a dderbynnir: <\/strong><\/p>\n<ul>\n<li>Eitemau trydanol bach<\/li>\n<li>Dillad\/Tecstilau<\/li>\n<li>Cds\/DVDs\/Llyfrau<\/li>\n<li>Cerameg (platiau, cwpanau ac ati)<\/li>\n<li>Potiau\/Sosbenni\/Cyllyll &#8211; sicrhewch eu bod yn l\u00e2n<\/li>\n<li>Batris t\u0177<\/li>\n<li>Bylbiau golau<\/li>\n<li>Bwyd nad yw\u2019n ddarfodus<\/li>\n<\/ul>\n<p><strong>Eitemau NA Dderbynnir: <\/strong><\/p>\n<p>Dim oergelloedd, rhewgelloedd, offer mawr, dodrefn na bagiau cymysg o sbwriel\/gwastraff.<\/p>\n<p><strong>Lleoliad Gollwng 1: <\/strong><\/p>\n<p>Ar agor bob dydd gan gynnwys penwythnosau o ddydd Llun 16 Mehefin i ddydd Sul 29 Mehefin \u2013 10am i 3pm.<\/p>\n<p>Wedi&#8217;i leoli ar y gyffordd lle mae <a href=\"https:\/\/maps.app.goo.gl\/C3JsVzSP44YQUQXt9\">Miskin Street<\/a> yn cwrdd \u00e2 Heol Lowther (y tu fas i Glwb Cymdeithasol Misfits).<\/p>\n<p><strong>Lleoliad Gollwng 2: <\/strong><\/p>\n<p>Am ddau benwythnos yn unig, ar agor ar 21, 22, 28, a 29 Mehefin \u2013 10am-3pm.<\/p>\n<p>Wedi&#8217;i leoli yn yr ardal i gerddwyr lle mae Teras Cathays yn cwrdd \u00e2 <a href=\"https:\/\/maps.app.goo.gl\/4Y2M3SfJ57XaS17t5\">Pentyrch Street<\/a> (y tu allan i Ysgol Gynradd yr Eglwys yng Nghymru Santes Monica)<\/p>\n<p><strong>Angen clirio sbwriel o flaen eich t\u0177? <\/strong>\u00a0Mae ein t\u00eem yn cynnig pigwyr sbwriel ar fenthyg i&#8217;ch helpu i gadw&#8217;ch eiddo yn daclus ac osgoi dirwyon. Casglwch eich un chi o&#8217;r digwyddiad Tecaw\u00ea Mawr!<\/p>\n<h3><strong><img loading=\"lazy\" decoding=\"async\" class=\"alignnone size-medium wp-image-2919\" src=\"https:\/\/www.cardiffdigs.co.uk\/wp-content\/uploads\/Cynlluniwch-300x169.jpg\" alt=\"Cart\u0175n o ddyn ifanc yn dal bocs o eitemau\u2019r cartref ac yn sefyll o flaen bocsys symud. Mae'r testun o dan y cart\u0175n yn dweud &quot;Cynlluniwch!&quot;\" width=\"300\" height=\"169\" srcset=\"https:\/\/www.cardiffdigs.co.uk\/wp-content\/uploads\/Cynlluniwch-300x169.jpg 300w, https:\/\/www.cardiffdigs.co.uk\/wp-content\/uploads\/Cynlluniwch-1024x576.jpg 1024w, https:\/\/www.cardiffdigs.co.uk\/wp-content\/uploads\/Cynlluniwch-768x432.jpg 768w, https:\/\/www.cardiffdigs.co.uk\/wp-content\/uploads\/Cynlluniwch-1536x864.jpg 1536w, https:\/\/www.cardiffdigs.co.uk\/wp-content\/uploads\/Cynlluniwch-1000x563.jpg 1000w, https:\/\/www.cardiffdigs.co.uk\/wp-content\/uploads\/Cynlluniwch.jpg 1920w\" sizes=\"auto, (max-width: 300px) 100vw, 300px\" \/><\/strong><\/h3>\n<h3><strong>Cynlluniwch!<\/strong><\/h3>\n<p>Wrth symud allan, eich cyfrifoldeb chi yw sicrhau nad yw eich biniau yn gorlifo ac nad yw sbwriel yn cael ei ddympio, felly peidiwch \u00e2 gadael sbwriel ychwanegol neu eitemau eraill y tu allan i\u2019ch eiddo.\u00a0 Mae&#8217;n rhaid iddynt ffitio yn eich bin, neu gall arwain at gamau disgyblu, a allai newid eich cynlluniau ar gyfer yr haf.<\/p>\n<p>Cynlluniwch ymlaen llaw a defnyddiwch y cyngor uchod i osgoi dirwyon a thaliadau ychwanegol.[\/vc_column_text][\/vc_tta_section][vc_tta_section title=&#8221;Neuaddau Preswyl Prifysgol a Phreifat&#8221; tab_id=&#8221;1620645336897-5e66fdee-cba0&#8243;][vc_column_text]Bydd gan eich neuaddau preswyl ei drefniadau ei hun i gasglu gwastraff ychwanegol pan fyddwch yn symud, felly siaradwch \u00e2\u2019ch darparwr i ddarganfod sut y gallwch ailgylchu mwy a gwastraffu llai.<\/p>\n<p>&nbsp;<\/p>\n<h3><strong>Neuaddau Preswyl Prifysgol Caerdydd<\/strong><\/h3>\n<p><strong>NEGES ATGOFFA BWYSIG<\/strong><\/p>\n<p>Mae&#8217;r canllawiau hyn yn berthnasol i waredu eiddo personol yn unig. Peidiwch \u00e2 thynnu unrhyw eitemau sy&#8217;n eiddo i Brifysgol Caerdydd, fel dodrefn ac eitemau trydanol.<\/p>\n<p><strong>Myfyrwyr sy&#8217;n byw yn Neuaddau Preswyl Prifysgol Caerdydd<\/strong><\/p>\n<p>Gellir rhoi unrhyw eitemau y gellir eu hailddefnyddio ym mhwyntiau rhoi British Heart Foundation yn y neuaddau preswyl. Cymerwch olwg ar y posteri yn eich llety a\u2019ch mannau cymunedol i ddod o hyd i\u2019ch pwynt rhodd agosaf neu, fel arall, holwch yn y dderbynfa.<\/p>\n<p>Gallwch roi:<\/p>\n<ul>\n<li>Dillad<\/li>\n<li>Esgidiau<\/li>\n<li>Llestri fel powlenni, platiau a mygiau<\/li>\n<li>Pethau trydanol bach fel lampau, gwyntyllau<\/li>\n<li>Llyfrau<\/li>\n<li>Teganau<\/li>\n<\/ul>\n<p>Mae&#8217;r eitemau NA FYDD yn cael eu derbyn yn cynnwys:<\/p>\n<ul>\n<li>Bwyd<\/li>\n<li>Duvets<\/li>\n<li>Gobenyddion<\/li>\n<li>Cyllyll<\/li>\n<\/ul>\n<p>Cyfeiriwch at y canllawiau gwastraff ac ailgylchu yn eich cegin i waredu unrhyw beth na ellir ei roi.<\/p>\n<p><strong>Os ydych yn byw mewn t\u0177 a reolir gan Brifysgol Caerdydd, cyfeiriwch at y canllawiau ar gyfer Tai a Fflatiau uchod.<\/strong><\/p>\n<p>&nbsp;<\/p>\n<h3><strong>Neuaddau Prifysgol Metropolitan Caerdydd<\/strong><\/h3>\n<p>Os ydych yn byw yn y neuaddau ym Prifysgol Fetropolitan Caerdydd, gallwch roi eitemau amldro a bwyd nad wy\u2019n ddarfodus ym man rhoi Caru Caerdydd Cyn i Chi Fynd yn eich adeilad. Gofynnwch i rywun yn nerbynfa eich neuaddau ble mae\u2019r man rhoi.<\/p>\n<p>Gallwch roi:<\/p>\n<ul>\n<li>Dillad<\/li>\n<li>Esgidiau<\/li>\n<li>Llestri fel powlenni, platiau a mygiau<\/li>\n<li>Eitemau trydanol bach fel lampau, ffaniau<\/li>\n<li>Llyfrau<\/li>\n<li>Teganau<\/li>\n<\/ul>\n<p>Mae&#8217;r eitemau NA FYDD yn cael eu derbyn yn cynnwys:<\/p>\n<ul>\n<li>Bwyd<\/li>\n<li>Duvets<\/li>\n<li>Clustogau<\/li>\n<\/ul>\n<p>Os hoffech roi eitemau mawr fel dodrefn, offer mawr neu feiciau, siaradwch \u00e2 rhywun wrth eich derbynfa, fel y gallant drefnu i\u2019r eitemau hyn gael eu casglu ar wah\u00e2n.<\/p>\n<p>Am resymau diogelwch, rhowch unrhyw eitemau miniog fel cyllyll a ffyrc yn y blwch casglu eitemau miniog ac nid y bin rhoi mawr.<\/p>\n<p>&nbsp;<\/p>\n<h3><strong>Prifysgol De Cymru<\/strong><\/h3>\n<p><strong>\u00a0<\/strong>Myfyrwyr PDC yng Nghaerdydd \u2013 mae pwyntiau rhoi Sefydliad Prydeinig y Galon yn y Campws Atrium. Siaradwch \u00e2&#8217;r t\u00eem yn y dderbynfa a fydd yn eich cyfeirio at leoliadau\u2019r pwyntiau rhoi.<\/p>\n<p>&nbsp;<\/p>\n<h3><strong>\u00a0<\/strong><strong>Neuaddau Preswyl Preifat<\/strong><\/h3>\n<p><strong>\u00a0<\/strong>Os ydych chi&#8217;n byw yn unrhyw un o&#8217;r neuaddau a reolir yn breifat, gallwch roi eitemau y gellir eu hailddefnyddio ym mhwyntiau rhoi Sefydliad Prydeinig y Galon yn eich adeilad (yn nhrefn yr wyddor):<\/p>\n<ul>\n<li>Adam Street Garden<\/li>\n<li>Alwyn Court<\/li>\n<li>Arofan House<\/li>\n<li>Blackweir Lodge<\/li>\n<li>Bridge Street Exchange<\/li>\n<li>Cambrian Point<\/li>\n<li>Clodien House<\/li>\n<li>Crown Place<\/li>\n<li>Fflatiau Northgate House<\/li>\n<li>Lumis Living<\/li>\n<li>North Court<\/li>\n<li>Severn Point<\/li>\n<li>Summit Place<\/li>\n<li>The Bakery<\/li>\n<li>The Fitzalan<\/li>\n<li>T\u0177 Pont Hearn<\/li>\n<li>Vita Caerdydd<\/li>\n<li>West Wing<\/li>\n<li>Windsor House<\/li>\n<\/ul>\n<p><strong>\u00a0<\/strong>Os ydych yn byw mewn neuadd preswyl preifat arall nad yw wedi&#8217;i rhestru, siaradwch \u00e2 derbynfa eich neuadd i ddarganfod sut y gallwch roi eitemau a chael gwared ar unrhyw wastraff wrth symud allan.[\/vc_column_text][\/vc_tta_section][vc_tta_section title=&#8221;Gadael yn Gyfrifol &#8211; Angen gwirfoddolwyr&#8221; tab_id=&#8221;1747130840538-007f3aa8-4aec&#8221;][vc_column_text]<strong>GALW AM WIRFODDOLWYR!\u00a0<\/strong><br \/>\n<strong>Helpwch fyfyrwyr i symud allan yn gynaliadwy a chasglu rhoddion ar gyfer Banc Bwyd Caerdydd! <\/strong><\/p>\n<p>Wrth i&#8217;r flwyddyn academaidd ddod i ben, bydd cannoedd o fyfyrwyr yn symud allan o&#8217;u llety &#8211; ac yn anffodus, mae hynny&#8217;n aml yn golygu llawer o wastraff bwyd a dryswch ynghylch cael gwared ar eitemau diangen, gwastraff ac ailgylchu.<\/p>\n<p>Dyna pam rydyn ni wedi cyflwyno<strong> &#8216;Gadael yn Gyfrifol&#8217;<\/strong>, ymgyrch ymwybyddiaeth o ddrws i ddrws i ledaenu&#8217;r gair am reoli gwastraff, ailgylchu, ac eitemau diangen eraill pan fyddwch chi&#8217;n gadael eich cartref myfyriwr ar ddiwedd eich tenantiaeth. Byddwn hefyd yn casglu rhoddion bwyd heb eu hagor, wnaiff ddim pydru, ar gyfer <strong>Banc Bwyd Caerdydd! <\/strong><\/p>\n<p><strong>Ac mae angen EICH help arnom!<\/strong><\/p>\n<p><strong>Beth fyddwch chi&#8217;n ei wneud:<\/strong><\/p>\n<ul>\n<li>Cael sgyrsiau cadarnhaol gyda myfyrwyr ar garreg y drws am leihau gwastraff diwedd blwyddyn a chefnogi\u2019r gwaith o glirio yn gyfrifol.<\/li>\n<li>Lledaenu&#8217;r gair am wasanaethau sydd ar gael i helpu myfyrwyr i ailddefnyddio, ailgylchu neu roi eitemau nad ydynt eu hangen mwyach.<\/li>\n<li>Gwirfoddoli gyda phwrpas: cynnig casglu sbwriel a chasglu rhoddion bwyd ar gyfer Banc Bwyd Caerdydd yn gyfnewid \u2014 cyfnewid syml am achos da.<\/li>\n<\/ul>\n<p><strong>Ble: <\/strong>Cathays a&#8217;r Rhath<\/p>\n<p><strong>Pryd: <\/strong>Dydd Mawrth \u2013 20 a 27 Mai, a 3 a 10 Mehefin<\/p>\n<p><strong>Rydym yn darparu: <\/strong><\/p>\n<ul>\n<li>Hyfforddiant gwirfoddolwyr a sesiwn friffio gyflym.<\/li>\n<li>Blychau ar gyfer rhoddion bwyd ac offer casglu sbwriel.<\/li>\n<li>Ffordd gadarnhaol o roi yn \u00f4l a bod yn rhan o achos da.<\/li>\n<\/ul>\n<p><strong>\u00a0<a href=\"https:\/\/forms.office.com\/Pages\/ResponsePage.aspx?id=lSs1xtlwAkeId8aLiOsbJrv3tZ8ZA1VMhVFBJAajaV9UOUtOSjVaOUUxWEFSS1hGTk8yMlFONTZNWS4u\">Cofrestrwch heddiw<\/a><\/strong><\/p>\n<p>Unrhyw gwestiynau? E-bostiwch ni yn <u>Alexander.hill@caerdydd.gov.uk<\/u>[\/vc_column_text][\/vc_tta_section][\/vc_tta_accordion][\/vc_column][\/vc_row]<\/p>\n<\/div>","protected":false},"excerpt":{"rendered":"<p>[vc_row][vc_column width=&#8221;1\/1&#8243;][vc_column_text] Myfyrwyr ar Fynd Mae gan fyfyrwyr yn aml ailgylchu, gwastraff ac eitemau eraill ychwanegol i&#8217;w gwaredu wrth symud t\u0177, felly cr\u00ebwyd\u00a0 Myfyrwyr ar Fynd i&#8217;ch helpu i ddod o hyd i ffyrdd cyfreithiol, diogel a chyfrifol o ddelio \u00e2&#8217;r pethau ychwanegol hynny. Darllenwch y canllaw hwn i ddysgu sut i gael gwared ar y pethau nad oes eu hangen arnoch mwyach![\/vc_column_text][\/vc_column][\/vc_row][vc_row top_padding=&#8221;35&#8243;][vc_column width=&#8221;1\/1&#8243;][vc_tta_accordion section_title_tag=&#8221;h2&#8243; style=&#8221;flat&#8221; shape=&#8221;square&#8221; color=&#8221;black&#8221; spacing=&#8221;5&#8243; gap=&#8221;15&#8243; active_section=&#8221;12&#8243; no_fill=&#8221;true&#8221; collapsible_all=&#8221;true&#8221;][vc_tta_section title=&#8221;Opsiynau os ydych chi&#8217;n byw mewn eiddo rhent&#8221; tab_id=&#8221;1620645336818-36ed59cd-18ef&#8221;][vc_column_text]Gall symud fod yn straen, ond peidiwch \u00e2 phoeni!\u00a0 Mae llawer o opsiynau ar gael i chi i&#8217;ch helpu i reoli&#8217;r eitemau ychwanegol hynny, sy&#8217;n syml ac yn gyfleus. I ddysgu mwy, darllenwch neu lawrlwythwch y Canllaw Myfyrwyr ar Fynd. Gwerthu! Gallwch werthu eich eitemau os ydynt mewn cyflwr da ar-lein am arian parod gan ariannu eich anturiaethau dros yr haf.\u00a0 Mae yna rywun allan yna a fydd yn eu gwerthfawrogi cymaint ag yr oeddech chi ar un adeg. Mae yna lawer o ffyrdd i werthu eich pethau fel ar Depop, Vinted, eBay, Gumtree neu Facebook Marketplace. Rhoi i elusen! Os ydych chi&#8217;n brin o amser i werthu eich eitemau, peidiwch \u00e2&#8217;u taflu.\u00a0 Ystyriwch eu rhoi i elusennau [&hellip;]<\/p>\n","protected":false},"author":1,"featured_media":0,"parent":453,"menu_order":0,"comment_status":"closed","ping_status":"closed","template":"","meta":{"footnotes":""},"class_list":["post-459","page","type-page","status-publish","hentry"],"_links":{"self":[{"href":"https:\/\/www.cardiffdigs.co.uk\/cy\/wp-json\/wp\/v2\/pages\/459","targetHints":{"allow":["GET"]}}],"collection":[{"href":"https:\/\/www.cardiffdigs.co.uk\/cy\/wp-json\/wp\/v2\/pages"}],"about":[{"href":"https:\/\/www.cardiffdigs.co.uk\/cy\/wp-json\/wp\/v2\/types\/page"}],"author":[{"embeddable":true,"href":"https:\/\/www.cardiffdigs.co.uk\/cy\/wp-json\/wp\/v2\/users\/1"}],"replies":[{"embeddable":true,"href":"https:\/\/www.cardiffdigs.co.uk\/cy\/wp-json\/wp\/v2\/comments?post=459"}],"version-history":[{"count":21,"href":"https:\/\/www.cardiffdigs.co.uk\/cy\/wp-json\/wp\/v2\/pages\/459\/revisions"}],"predecessor-version":[{"id":2979,"href":"https:\/\/www.cardiffdigs.co.uk\/cy\/wp-json\/wp\/v2\/pages\/459\/revisions\/2979"}],"up":[{"embeddable":true,"href":"https:\/\/www.cardiffdigs.co.uk\/cy\/wp-json\/wp\/v2\/pages\/453"}],"wp:attachment":[{"href":"https:\/\/www.cardiffdigs.co.uk\/cy\/wp-json\/wp\/v2\/media?parent=459"}],"curies":[{"name":"wp","href":"https:\/\/api.w.org\/{rel}","templated":true}]}}