{"id":456,"date":"2015-09-09T12:40:22","date_gmt":"2015-09-09T12:40:22","guid":{"rendered":"http:\/\/dev.cardiffdigs.co.uk\/?page_id=456"},"modified":"2025-10-29T11:25:58","modified_gmt":"2025-10-29T11:25:58","slug":"hyrwyddwyr-amgylcheddol","status":"publish","type":"page","link":"https:\/\/www.cardiffdigs.co.uk\/cy\/gwastraff-ac-ailgylchu\/hyrwyddwyr-amgylcheddol\/","title":{"rendered":"Hyrwyddwyr Amgylcheddol"},"content":{"rendered":"<div class=\"wpb-content-wrapper\"><p>[vc_row][vc_column width=&#8221;1\/1&#8243;][vc_column_text]<\/p>\n<h1>Hyrwyddwyr Amgylcheddol<\/h1>\n<p>[\/vc_column_text][\/vc_column][\/vc_row][vc_row][vc_column width=&#8221;1\/1&#8243;]<div class=\"spacer\" style=\"height: 40px;\"><\/div>[\/vc_column][\/vc_row][vc_row][vc_column width=&#8221;1\/3&#8243;]<div class=\"single_image wpb_content_element align-left    \" data-animation=\"none\" data-delay=\"0\"><img loading=\"lazy\" decoding=\"async\" width=\"400\" height=\"254\" src=\"https:\/\/www.cardiffdigs.co.uk\/wp-content\/uploads\/EnviroChamps.jpg\" class=\"attachment-full\" alt=\"Environmental champions\" title=\"EnviroChamps\" srcset=\"https:\/\/www.cardiffdigs.co.uk\/wp-content\/uploads\/EnviroChamps.jpg 400w, https:\/\/www.cardiffdigs.co.uk\/wp-content\/uploads\/EnviroChamps-300x191.jpg 300w\" sizes=\"auto, (max-width: 400px) 100vw, 400px\" \/><\/div><div class=\"single_image wpb_content_element align-left    \" data-animation=\"none\" data-delay=\"0\"><img loading=\"lazy\" decoding=\"async\" width=\"960\" height=\"720\" src=\"https:\/\/www.cardiffdigs.co.uk\/wp-content\/uploads\/Varsity.jpg\" class=\"attachment-full\" alt=\"Enviro champions litter picking\" title=\"Varsity\" srcset=\"https:\/\/www.cardiffdigs.co.uk\/wp-content\/uploads\/Varsity.jpg 960w, https:\/\/www.cardiffdigs.co.uk\/wp-content\/uploads\/Varsity-300x225.jpg 300w\" sizes=\"auto, (max-width: 960px) 100vw, 960px\" \/><\/div>[\/vc_column][vc_column width=&#8221;2\/3&#8243;][vc_column_text]Gr\u0175p gweithredu gwirfoddol yw Hyrwyddwyr Amgylcheddol sy&#8217;n gweithio ar fentrau ac ymgyrchoedd cynaliadwyedd. Mae&#8217;r project yn bartneriaeth rhwng Llety Caerdydd, Gwirfoddoli Myfyrwyr Caerdydd (SVC), Undeb Myfyrwyr Prifysgol Metropolitan Caerdydd, Cyngor Dinas Caerdydd, Heddlu De Cymru a Chadw Caerdydd yn Daclus gyda&#8217;r nod o wneud Caerdydd yn lle glanach, gwyrddach a diogelach. Mae&#8217;r gr\u0175p yn gweithio ar amrywiaeth o brojectau sy&#8217;n canolbwyntio ar wastraff ac ailgylchu, tai ac effeithlonrwydd ynni, teithio cynaliadwy, masnach deg, tasgau amgylcheddol gan gynnwys glanhau afonydd, yr heddlu gwyrdd a llawer mwy.<\/p>\n<p>Bydd y project yn gweithio mewn partneriaeth \u00e2&#8217;r gymuned ehangach ac amrywiaeth o sefydliadau cefnogol, ac mae gwirfoddolwyr yn y gr\u0175p o bob cefndir. Mae myfyrwyr, trigolion, landlordiaid, cynghorwyr a llawer mwy o grwpiau&#8217;n gwirfoddoli eu hamser i helpu i wneud Caerdydd yn ddinas lanach a gwyrddach. Project parhaus yw hwn ac mae cyfleoedd yn codi drwy&#8217;r flwyddyn.<\/p>\n<p>Mae Hyrwyddwyr Amgylcheddol yn broject partneriaeth rhwng Llety Caerdydd, Gwirfoddoli Myfyrwyr Caerdydd, Undeb Myfyrwyr Prifysgol Fetropolitan Caerdydd, Gwirfoddoli Caerdydd ac Cyngor Dinas Caerdydd. Mae ystod eang o sefydliadau\u2019n cefnogi\u2019r project gan gynnwys Heddlu De Cymru, Cadwch Gymru&#8217;n Daclus, Masnach Deg Caerdydd a llawer mwy.<\/p>\n<h2>Cysylltwch \u00e2 ni!<\/h2>\n<p>Os hoffech fod yn Hyrwyddwr Amgylcheddol, cysylltwch e-bostio HyrwyddwyrAmgylcheddol@caerdydd.gov.uk[\/vc_column_text][\/vc_column][\/vc_row][vc_row][vc_column width=&#8221;1\/1&#8243;]<div class=\"spacer\" style=\"height: 40px;\"><\/div>[\/vc_column][\/vc_row][vc_row type=&#8221;full_width_section&#8221; bg_color=&#8221;#0C508B&#8221; section_arrow=&#8221;false&#8221; text_color=&#8221;light&#8221; top_padding=&#8221;35&#8243; bottom_padding=&#8221;35&#8243;][vc_column animation=&#8221;fade-in&#8221; width=&#8221;1\/1&#8243; delay=&#8221;5&#8243;][vc_column_text]<\/p>\n<p style=\"text-align: center;\">Dilynwch waith yr Hyrwyddwyr Amgylcheddol ar y cyfryngau cymdeithasol.<\/p>\n<div id=\"smlogo\" style=\"margin-left: auto; margin-right: auto; text-align: center;\"><div class=\"social-icon social-big\"><a href=\"https:\/\/www.facebook.com\/groups\/enviromentalchamps\/\" target=\"\" title=\"\"><i class=\"fa fa-facebook\"><\/i><\/a><\/div><\/div>\n<p>[\/vc_column_text][\/vc_column][\/vc_row][vc_row top_padding=&#8221;25&#8243; bottom_padding=&#8221;45&#8243;][vc_column animation=&#8221;fade-in-from-left&#8221; bg_color=&#8221;#efefef&#8221; width=&#8221;1\/2&#8243;]<div class=\"spacer\" style=\"height: 25px;\"><\/div><div class=\"member wpb_content_element\"><h4>Zuzanna Stone<\/h4><div class=\"member-role\">Meistr Peirianneg (MEng) Peirianneg Sifil Myfyriwr Prifysgol Caerdydd, Cydlynydd Project a gwirfoddolwr Hyrwyddwyr yr Amgylchedd 2013 - 2015<\/div><div class=\"member-content\"><p>\n<p align=\"center\"><img loading=\"lazy\" decoding=\"async\" class=\"size-medium wp-image-273 alignright\" src=\"http:\/\/dev.cardiffdigs.co.uk\/wp-content\/uploads\/LITTER-pick1-181x300.jpg\" alt=\"Litter picking\" width=\"127\" height=\"211\" srcset=\"https:\/\/www.cardiffdigs.co.uk\/wp-content\/uploads\/LITTER-pick1-181x300.jpg 181w, https:\/\/www.cardiffdigs.co.uk\/wp-content\/uploads\/LITTER-pick1.jpg 241w\" sizes=\"auto, (max-width: 127px) 100vw, 127px\" \/><\/p>\n<p>Rwyf wedi mwynhau bod yn Gydlynydd Project ar\u00a0 gyfer Hyrwyddwyr yr Amgylchedd yn y blynyddoedd academaidd 2013\/14 a 2014\/2015. Gan fy mod yn frwd dros yr amgylchedd a chynaliadwyedd,\u00a0 roeddwn i&#8217;n ddiolchgar o gael fy newis i gydlynu ar broject oedd yn ceisio ymdrin \u00e2&#8217;r materion hynny a hyrwyddo byw&#8217;n gynaliadwy yn y gymuned myfyrwyr.<\/p>\n<p>Fel rhan o&#8217;r project, rydym yn cynnig cyngor ar ailgylchu, gwaredu gwastraff bwyd, gwasanaeth Testun Taclus, effeithlonrwydd ynni a Masnach Deg. Mae gennym hefyd ddigwyddiadau mwy ymarferol megis glanhau traethau, casglu sbwriel neu arddio i helpu Caerdydd ddod yn ddinas brydferth ac amgylcheddol gyfrifol. Rwyf wedi cwrdd \u00e2 phobl hyfryd ar y project ac mae pob digwyddiad wedi bod yn brofiad newydd a chyffrous. Roedd yn gyfle i wneud rhywbeth ystyrlon a chwbl wahanol. Roedd e hefyd yn ffordd wych o weld Caerdydd.<\/p>\n<p align=\"center\"><img loading=\"lazy\" decoding=\"async\" class=\"aligncenter wp-image-272 size-medium\" src=\"http:\/\/dev.cardiffdigs.co.uk\/wp-content\/uploads\/fairtrade-300x225.jpg\" alt=\"Helping out at a Fairtrade event\" width=\"300\" height=\"225\" srcset=\"https:\/\/www.cardiffdigs.co.uk\/wp-content\/uploads\/fairtrade-300x225.jpg 300w, https:\/\/www.cardiffdigs.co.uk\/wp-content\/uploads\/fairtrade.jpg 720w\" sizes=\"auto, (max-width: 300px) 100vw, 300px\" \/><\/p>\n<p>Fy hoff ddigwyddiadau oedd y rhai gwahanol. Un o&#8217;r rheiny oedd y gweithdy Ieir Buarth yng Nghanolfan Gymunedol Adamsdown, lle cawsom gyfle i ddysgu am gadw ieir mewn ardaloedd dinesig; ac yn ystod digwyddiad arall fe wnaethon ni yrru i lawr i Aberogwr i lanhau&#8217;r traeth gyda Cadwch Gymru&#8217;n Daclus a chael cyfle i fwynhau&#8217;r haul hyfryd. Cawsom ddiwrnod gwych yn casglu sbwriel yn Varsity &#8211; roedd y gerddoriaeth yn chwarae, y dorf yn ein hannog, yr haul yn tywynnu a&#8217;r parc yn llawn blodau godidog. Gyda&#8217;n sbectol haul ar ein trwynau fe aethom ati i gasglu&#8217;r sbwriel yn Varsity, gan fwynhau&#8217;r awyrgylch hapus a helpu pobl i waredu eu sbwriel.<\/p>\n<p align=\"center\"><img loading=\"lazy\" decoding=\"async\" class=\"aligncenter wp-image-266 size-medium\" src=\"\/wp-content\/uploads\/Champs-recruitment-stall-225x300.jpg\" alt=\"Zuzanna Stone\" width=\"225\" height=\"300\" hspace=\"5\" srcset=\"https:\/\/www.cardiffdigs.co.uk\/wp-content\/uploads\/Champs-recruitment-stall-225x300.jpg 225w, https:\/\/www.cardiffdigs.co.uk\/wp-content\/uploads\/Champs-recruitment-stall.jpg 240w\" sizes=\"auto, (max-width: 225px) 100vw, 225px\" \/><\/p>\n<p>Dyw&#8217;r project byth yn ddiflas ac mae wastad mor gadarnhaol! Rwyf wedi gweithio&#8217;n galed ac wedi ymrwymo llawer o amser i&#8217;r project, ac er adegau ei fod wedi bod yn heriol ceisio cyflawni&#8217;r gwaith ochr yn ochr \u00e2&#8217;m hastudiaethau a&#8217;r holl rolau eraill roedd gen i yn y brifysgol, roedd fy r\u00f4l fel cydlynydd project Hyrwyddwyr Amgylcheddol yn rhoi llawer o foddhad i mi ac yn sicr yn cyfoethogi fy mhrofiad yn y brifysgol. Ond yn well na hynny &#8211; rwyf hefyd wedi gwella fy nghyflogadwyedd o ganlyniad i&#8217;r rol! Rwy&#8217;n teimlo bod gweithio fel cydlynydd myfyrwyr wedi gwella fy hyder, fy sgiliau cyfathrebu ac fy ngallu i addasu, a bydd y cwbl o gymorth mawr mewn unrhyw weithle. Oherwydd fy ymrwymiad i&#8217;r project cefais Ddyfarniad Rhagoriaeth 200 awr y Millennium Volunteering, wedi&#8217;i lofnodi fan Brif Weinidog Cymru. Oherwydd y r\u00f4l hon, rwyf wedi cael interniaeth gyda th\u00e2l yn yr haf gyda Phrifysgol<br \/>\nCaerdydd.<\/p>\n<p align=\"center\"><img loading=\"lazy\" decoding=\"async\" class=\"aligncenter size-medium wp-image-274\" src=\"http:\/\/dev.cardiffdigs.co.uk\/wp-content\/uploads\/Volunteering-300x197.jpg\" alt=\"Volunteering as an enviro champion\" width=\"300\" height=\"197\" \/><\/p>\n<p>Gobeithio y gwelwn ddigwyddiadau hyd yn oed mwy unigryw a gwahanol y flwyddyn nesaf, ac y bydd mwy a mwy o fyfyrwyr yn cydnabod pa mor bwysig yw gwneud Caerdydd yn ddinas gynaliadwy.<\/p><\/div><\/div>[\/vc_column][vc_column animation=&#8221;fade-in-from-right&#8221; bg_color=&#8221;#efefef&#8221; width=&#8221;1\/2&#8243;]<div class=\"spacer\" style=\"height: 25px;\"><\/div><div class=\"member wpb_content_element\"><h4>Alex Kay<\/h4><div class=\"member-role\">Graddedig Iechyd Amgylcheddol BSc Anrh, Prifysgol Fetropolitan Caerdydd 2011 - 2014, Gwirfoddolwr Hyrwyddwyr Amgylcheddol 2012 - 2014<\/div><div class=\"member-content\"><p><img loading=\"lazy\" decoding=\"async\" class=\"wp-image-267 alignright\" src=\"\/wp-content\/uploads\/Alex-Kay-225x300.jpg\" alt=\"Alex-Kay\" width=\"158\" height=\"211\" hspace=\"5\" srcset=\"https:\/\/www.cardiffdigs.co.uk\/wp-content\/uploads\/Alex-Kay-225x300.jpg 225w, https:\/\/www.cardiffdigs.co.uk\/wp-content\/uploads\/Alex-Kay.jpg 240w\" sizes=\"auto, (max-width: 158px) 100vw, 158px\" \/><\/p>\n<p>Deuthum yn wirfoddolwr Hyrwyddwr yr<br \/>\nAmgylchedd yn 2012 oherwydd bod gennyf<br \/>\nddiddordeb mewn materion amgylcheddol ac<br \/>\nroeddwn i eisiau gwella fy ardal leol. Mewn<br \/>\nblwyddyn a hanner, fe wnes i dros 70 awr o waith gwirfoddoli, gweithio gyda gwahanol sefydliadau cyhoeddus a phreifat, gwneud ffrindiau newydd, ac ychwanegu llawer o sgiliau at fy CV!<\/p>\n<p>Fy hoff ran o&#8217;r gwaith wirfoddoli oedd gweithio gyda gwahanol bobl o wahanol gefndiroedd. Rydych chi&#8217;n cael y cyfle i weithio gyda myfyrwyr<br \/>\no wahanol brifysgolion ac ar gyrsiau eraill, y cyhoedd a gwahanol sefydliadau megis Heddlu De Cymru a Chyngor Dinas Caerdydd<\/p>\n<p>Fe wnes i gymryd rhan mewn digwyddiadau ymgysylltu fel crwydro o amgylch y gymuned, stondinau Masnach Deg ac ailgylchu a digwyddiadau gweithredu fel casglu sbwriel, glanhau traethau a garddio cymunedol.<\/p>\n<p align=\"center\"><img loading=\"lazy\" decoding=\"async\" class=\"aligncenter wp-image-269 size-medium\" src=\"http:\/\/dev.cardiffdigs.co.uk\/wp-content\/uploads\/Varsity-300x225.jpg\" alt=\"Varsity\" width=\"300\" height=\"225\" srcset=\"https:\/\/www.cardiffdigs.co.uk\/wp-content\/uploads\/Varsity-300x225.jpg 300w, https:\/\/www.cardiffdigs.co.uk\/wp-content\/uploads\/Varsity.jpg 960w\" sizes=\"auto, (max-width: 300px) 100vw, 300px\" \/><\/p>\n<p>Fy hoff ddigwyddiadau oedd y rhai lle&#8217;r oeddwn i&#8217;n glanhau&#8217;r traethau gan fy mod i&#8217;n cael cyfle i ymweld ag ardal y tu allan i Gaerdydd a gwneud ffrindiau tra&#8217;n gwneud gwahaniaeth i&#8217;r ardal.<\/p>\n<p>Fe wnaeth gwirfoddoli fy helpu i ddysgu sgiliau sydd wedi bod yn allweddol o ran fy mharatoi ar gyfer bywyd ar \u00f4l prifysgol. Ni all y sgiliau rwyf wedi&#8217;u dysgu fel gwirfoddolwr gael eu dysgu fel rhan o fywyd academaidd, ond maen nhw&#8217;r un mor bwysig ag unrhyw beth a gaiff ei addysgu yn yr ystafell ddosbarth. Fe wnaeth siarad wyneb yn wyneb \u00e2 thrigolion yn ystod y digwyddiadau crwydro o amgylch o gymuned fy helpu i wella fy sgiliau cyfathrebu, sgiliau sy&#8217;n holl bwysig yn fy maes gwaith i. Cefais lawer o hwyl yn gwneud rhywbeth i wella&#8217;r ardal rwy&#8217;n byw ynddi, yn ogystal \u00e2 bywydau myfyrwyr a thrigolion eraill yn yr ardal. Mae&#8217;r project Hyrwyddwyr yr Amgylchedd yn gyfle gwych i fyfyrwyr roi rhywbeth yn \u00f4l i&#8217;r gymuned yn ogystal \u00e2 dysgu sgiliau a fydd yn eu galluogi i gynnig rhywbeth ychwanegol yn y farchnad swyddi ar \u00f4l iddynt adael y Prifysgol.<\/p>\n<p align=\"center\"><img loading=\"lazy\" decoding=\"async\" class=\"aligncenter size-medium wp-image-270\" src=\"http:\/\/dev.cardiffdigs.co.uk\/wp-content\/uploads\/fairtrade-stall-CSU-300x225.jpg\" alt=\"Alex at the fair trade stall\" width=\"300\" height=\"225\" srcset=\"https:\/\/www.cardiffdigs.co.uk\/wp-content\/uploads\/fairtrade-stall-CSU-300x225.jpg 300w, https:\/\/www.cardiffdigs.co.uk\/wp-content\/uploads\/fairtrade-stall-CSU.jpg 960w\" sizes=\"auto, (max-width: 300px) 100vw, 300px\" \/><\/p>\n<p>Mewn blwyddyn a hanner, fe wnes i dros 70 awr o waith gwirfoddoli a chefais gyfle i weithio gyda gwahanol sefydliadau cyhoeddus a phreifat, gwneud ffrindiau newydd, ac ychwanegu llawer o sgiliau at fy CV! Mae&#8217;r sgiliau rwyf wedi&#8217;u dysgu wedi fy helpu i gael swydd barhaol llawn amser yng Nghyngor Dinas Caerdydd.<\/p>\n<p align=\"center\"><img loading=\"lazy\" decoding=\"async\" class=\"aligncenter size-medium wp-image-271\" src=\"http:\/\/dev.cardiffdigs.co.uk\/wp-content\/uploads\/hibernaculum-300x225.jpg\" alt=\"Environmental Champions\" width=\"300\" height=\"225\" srcset=\"https:\/\/www.cardiffdigs.co.uk\/wp-content\/uploads\/hibernaculum-300x225.jpg 300w, https:\/\/www.cardiffdigs.co.uk\/wp-content\/uploads\/hibernaculum.jpg 960w\" sizes=\"auto, (max-width: 300px) 100vw, 300px\" \/><\/p>\n<p>Bydden i&#8217;n annog myfyrwyr i wirfoddoli gyda&#8217;r Hyrwyddwyr Amgylcheddol fel eu bod nhw&#8217;n gallu gwneud gwahaniaeth i Gaerdydd, dysgu sgiliau newydd, gwneud ffrindiau newydd a gwneud y gorau o&#8217;u hamser yn y brifysgol.<\/p><\/div><\/div>[\/vc_column][\/vc_row]<\/p>\n<\/div>","protected":false},"excerpt":{"rendered":"<p>[vc_row][vc_column width=&#8221;1\/1&#8243;][vc_column_text] Hyrwyddwyr Amgylcheddol [\/vc_column_text][\/vc_column][\/vc_row][vc_row][vc_column width=&#8221;1\/1&#8243;][\/vc_column][\/vc_row][vc_row][vc_column width=&#8221;1\/3&#8243;][\/vc_column][vc_column width=&#8221;2\/3&#8243;][vc_column_text]Gr\u0175p gweithredu gwirfoddol yw Hyrwyddwyr Amgylcheddol sy&#8217;n gweithio ar fentrau ac ymgyrchoedd cynaliadwyedd. Mae&#8217;r project yn bartneriaeth rhwng Llety Caerdydd, Gwirfoddoli Myfyrwyr Caerdydd (SVC), Undeb Myfyrwyr Prifysgol Metropolitan Caerdydd, Cyngor Dinas Caerdydd, Heddlu De Cymru a Chadw Caerdydd yn Daclus gyda&#8217;r nod o wneud Caerdydd yn lle glanach, gwyrddach a diogelach. Mae&#8217;r gr\u0175p yn gweithio ar amrywiaeth o brojectau sy&#8217;n canolbwyntio ar wastraff ac ailgylchu, tai ac effeithlonrwydd ynni, teithio cynaliadwy, masnach deg, tasgau amgylcheddol gan gynnwys glanhau afonydd, yr heddlu gwyrdd a llawer mwy. Bydd y project yn gweithio mewn partneriaeth \u00e2&#8217;r gymuned ehangach ac amrywiaeth o sefydliadau cefnogol, ac mae gwirfoddolwyr yn y gr\u0175p o bob cefndir. Mae myfyrwyr, trigolion, landlordiaid, cynghorwyr a llawer mwy o grwpiau&#8217;n gwirfoddoli eu hamser i helpu i wneud Caerdydd yn ddinas lanach a gwyrddach. Project parhaus yw hwn ac mae cyfleoedd yn codi drwy&#8217;r flwyddyn. Mae Hyrwyddwyr Amgylcheddol yn broject partneriaeth rhwng Llety Caerdydd, Gwirfoddoli Myfyrwyr Caerdydd, Undeb Myfyrwyr Prifysgol Fetropolitan Caerdydd, Gwirfoddoli Caerdydd ac Cyngor Dinas Caerdydd. Mae ystod eang o sefydliadau\u2019n cefnogi\u2019r project gan gynnwys Heddlu De Cymru, Cadwch Gymru&#8217;n Daclus, Masnach Deg Caerdydd a llawer mwy. Cysylltwch \u00e2 ni! Os hoffech fod [&hellip;]<\/p>\n","protected":false},"author":1,"featured_media":0,"parent":453,"menu_order":0,"comment_status":"closed","ping_status":"closed","template":"","meta":{"footnotes":""},"class_list":["post-456","page","type-page","status-publish","hentry"],"_links":{"self":[{"href":"https:\/\/www.cardiffdigs.co.uk\/cy\/wp-json\/wp\/v2\/pages\/456","targetHints":{"allow":["GET"]}}],"collection":[{"href":"https:\/\/www.cardiffdigs.co.uk\/cy\/wp-json\/wp\/v2\/pages"}],"about":[{"href":"https:\/\/www.cardiffdigs.co.uk\/cy\/wp-json\/wp\/v2\/types\/page"}],"author":[{"embeddable":true,"href":"https:\/\/www.cardiffdigs.co.uk\/cy\/wp-json\/wp\/v2\/users\/1"}],"replies":[{"embeddable":true,"href":"https:\/\/www.cardiffdigs.co.uk\/cy\/wp-json\/wp\/v2\/comments?post=456"}],"version-history":[{"count":6,"href":"https:\/\/www.cardiffdigs.co.uk\/cy\/wp-json\/wp\/v2\/pages\/456\/revisions"}],"predecessor-version":[{"id":2969,"href":"https:\/\/www.cardiffdigs.co.uk\/cy\/wp-json\/wp\/v2\/pages\/456\/revisions\/2969"}],"up":[{"embeddable":true,"href":"https:\/\/www.cardiffdigs.co.uk\/cy\/wp-json\/wp\/v2\/pages\/453"}],"wp:attachment":[{"href":"https:\/\/www.cardiffdigs.co.uk\/cy\/wp-json\/wp\/v2\/media?parent=456"}],"curies":[{"name":"wp","href":"https:\/\/api.w.org\/{rel}","templated":true}]}}