{"id":444,"date":"2015-09-09T12:37:59","date_gmt":"2015-09-09T12:37:59","guid":{"rendered":"http:\/\/dev.cardiffdigs.co.uk\/?page_id=444"},"modified":"2024-11-15T15:33:54","modified_gmt":"2024-11-15T15:33:54","slug":"diogelwch-personol","status":"publish","type":"page","link":"https:\/\/www.cardiffdigs.co.uk\/cy\/diogelwch\/diogelwch-personol\/","title":{"rendered":"Diogelwch Personol"},"content":{"rendered":"<div class=\"wpb-content-wrapper\"><p>[vc_row][vc_column width=&#8221;1\/1&#8243;][vc_column_text]<\/p>\n<h1>Diogelwch Personol<\/h1>\n<p>[\/vc_column_text][\/vc_column][\/vc_row][vc_row][vc_column width=&#8221;1\/1&#8243;]<div class=\"spacer\" style=\"height: 40px;\"><\/div><div class=\"single_image wpb_content_element align-left    \" data-animation=\"none\" data-delay=\"0\"><img loading=\"lazy\" decoding=\"async\" width=\"400\" height=\"254\" src=\"https:\/\/www.cardiffdigs.co.uk\/wp-content\/uploads\/Drinking.jpg\" class=\"attachment-full\" alt=\"Drinking health\" title=\"Drinking\" srcset=\"https:\/\/www.cardiffdigs.co.uk\/wp-content\/uploads\/Drinking.jpg 400w, https:\/\/www.cardiffdigs.co.uk\/wp-content\/uploads\/Drinking-300x191.jpg 300w\" sizes=\"auto, (max-width: 400px) 100vw, 400px\" \/><\/div>[\/vc_column][\/vc_row][vc_row][vc_column width=&#8221;1\/1&#8243;]<div class=\"spacer\" style=\"height: 40px;\"><\/div>[vc_tta_accordion section_title_tag=&#8221;h2&#8243; color=&#8221;black&#8221; active_section=&#8221;1&#8243;][vc_tta_section title=&#8221;Diogelwch Personol&#8221; tab_id=&#8221;1589363914285-ef562806-256c&#8221;]<div class=\"spacer\" style=\"height: 40px;\"><\/div>[vc_column_text]Mae Caerdydd yn lle gwych i fyw ynddo, a phrin fod pethau drwg yn digwydd, ond pan fyddwch yn byw yn y ddinas, mae pethau y gallwch eu gwneud i gadw eich hunan yn ddiogel.<\/p>\n<ul>\n<li>Trefnwch ymlaen llaw. Dysgwch ble rydych yn mynd, sut byddwch yn cyrraedd yno a phwy byddwch yn cwrdd \u00e2 nhw. Cynlluniwch eich taith yn \u00f4l bob tro, a rhowch wybod i ffrindiau ble rydych chi.<\/li>\n<\/ul>\n<ul>\n<li>Peidiwch byth \u00e2 derbyn lifft gan ddieithryn neu rywun nad ydych chi&#8217;n ei adnabod yn dda \u2013 waeth pa mor flinedig, gwlyb neu hwyr ydych chi.<\/li>\n<\/ul>\n<ul>\n<li>Cerdded yn y nos? Ewch mas mewn gr\u0175p, a dewch adref mewn gr\u0175p hefyd. Cadwch at ardaloedd prysur, wedi&#8217;u goleuo&#8217;n dda. Osgowch lwybrau byr peryglus drwy lonydd ac ardaloedd gwag.<\/li>\n<li>Cerddwch gydag osgo hyderus ac osgowch gario gormod ar unrhyw adeg o\u2019r dydd. Ceisiwch gadw un llaw yn rhydd bob amser.<\/li>\n<li>Cadwch yn ymwybodol o&#8217;ch amgylchoedd. Cofiwch fod sgwrsio ar y ff\u00f4n neu wrando ar gerddoriaeth yn gallu tynnu eich sylw o&#8217;r hyn sy&#8217;n digwydd o&#8217;ch cwmpas.<\/li>\n<li>Lawrlwythwch app diogelwch personol eich prifysgol. Gall <a href=\"https:\/\/login.cardiff.ac.uk\/nidp\/idff\/sso?id=cfs2generic&amp;sid=1&amp;option=credential&amp;sid=1&amp;target=https%3A%2F%2Flogin.cardiff.ac.uk%2FLAGBroker%3F%2522https%3A%2F%2Fidp.cf.ac.uk%2Fidp%2Fprofile%2FSAML2%2FPOST%2FSSO%2522&amp;urllang=cy\" target=\"\" rel=\"noopener noreferrer\">Myfyrwyr Prifysgol Caerdydd<\/a> a <a href=\"https:\/\/estates.southwales.ac.uk\/cymraeg\/gwasanaethau-eiddo\/diogelwch-safezone\/\" target=\"\" rel=\"noopener noreferrer\">Myfyrwyr Prifysgol De Cymru<\/a> lawrlwytho&#8217;r app SafeZone i aros mewn cyswllt \u00e2 gwasanaethau diogelwch y brifysgol a&#8217;r gwasanaethau brys os oes angen.\u00a0 Gall myfyrwyr MET Caerdydd danysgrifio i&#8217;r app diogelwch &#8220;Callfy Alert&#8221;.\u00a0 Y cyfan sydd ei eisiau yw <a href=\"https:\/\/cardiffdigs.co.uk\/wp-content\/uploads\/callmy-welsh.jpg\" target=\"\" rel=\"noopener noreferrer\">dilyn y cyfarwyddiadau hyn<\/a> i danysgrifio i\u2019r gwasanaeth yn rhad ac am ddim.<\/li>\n<\/ul>\n<p><strong>Dylech bob amser adrodd am unrhyw ddigwyddiadau wrth yr heddlu, oherwydd gallai hyn ei atal rhag digwydd i fyfyrwyr eraill<\/strong>[\/vc_column_text][\/vc_tta_section][vc_tta_section title=&#8221;Meddwl cyn meddwi&#8221; tab_id=&#8221;1589363914332-b177f55b-8021&#8243;][vc_column_text]Gwnewch yn si\u0175r eich bod yn cofio\u2019r noson am y rhesymau iawn. COFIWCH\u2026<\/p>\n<ul>\n<li>Osgowch gymryd diodydd nad ydych chi wedi eu gweld yn cael eu harllwys, a pheidiwch byth \u00e2 gadael eich diod.<\/li>\n<li>Cadwch at ardaloedd \u00e2 digon o olau wrth gerdded rhwng tafarndai a chlybiau<\/li>\n<li>Peidiwch byth \u00e2 mynd adref gyda phobl ddiarth. Arhoswch gyda&#8217;ch ffrindiau pan fyddwch allan, a gwnewch yn si\u0175r eich bod i gyd yn mynd adref gyda&#8217;ch gilydd<\/li>\n<li>Sylweddau seicoweithredol \u2013 Mae gwaharddiad cyffredinol wedi dod i rym yn y DU yn 2016.\u00a0 Dylech ystyried eich <a href=\"https:\/\/www.talktofrank.com\/\" target=\"\" rel=\"noopener noreferrer\">diogelwch yn gyntaf<\/a>, gall cyffuriau gael sgil-effeithiau niweidiol a hyd yn oed angheuol a gallant fod yn gaethiwus iawn.<\/li>\n<\/ul>\n<p><strong>Llinell Gymorth Cyffuriau ac Alcohol Cymru<\/strong><br \/>\nRhadff\u00f4n: 0808 808 2234 neu anfonwch neges destun DAN i: 81066 gweler rhagor yn: <a href=\"http:\/\/www.dan247.org.uk\/\" target=\"\" rel=\"noopener noreferrer\">dan247.org.uk<\/a>[\/vc_column_text][\/vc_tta_section][vc_tta_section title=&#8221;Eiddo a theclynnau&#8221; tab_id=&#8221;1589363914365-d5fb18c1-cf2c&#8221;][vc_column_text]Mae gliniaduron, llechi a ffonau symudol yn eitemau hanfodol i fyfyrwyr, ond sydd hefyd yn denu troseddwyr. Meddyliwch am yr holl waith sydd ar eich cyfrifiadur, a\u2019r cysylltiadau sydd ar eich ff\u00f4n. Byddwch yn synhwyrol gyda\u2019ch teclynnau a\u2019u cadw\u2019n ddiogel\u2026<\/p>\n<ul>\n<li>Peidiwch \u00e2 mynd \u00e2 gliniadur gyda chi, onid oes yn rhaid. Cadwch ef o\u2019r golwg yn ddiogel yn eich bag a pheidiwch byth \u00e2\u2019i adael.<\/li>\n<li>Gwnewch yn si\u0175r fod eich gliniadur wedi ei farcio gyda phen uwchfioled gyda\u2019ch cod post, rhif y t\u0177, eich rhif myfyriwr a llythrennau cyntaf y brifysgol. Hefyd, gweithredwch a lawrlwythwch ddyfeisiau tracio ar eich ffonau a\u2019ch gliniaduron.<\/li>\n<li>Cofrestrwch eich holl eiddo am ddim yn <a href=\"http:\/\/www.immobilise.com\/\" target=\"\" rel=\"noopener noreferrer\">immobilise.com<\/a>, bydd hyn yn ein helpu i ddychwelyd eitemau i chi os c\u00e2nt eu colli neu eu dwyn.<\/li>\n<li>Byddwch yn synhwyrol gyda\u2019ch ff\u00f4n yn gyhoeddus &#8211; peidiwch \u00e2\u2019i gadw ar ddangos yn eich poced gefn wrth eistedd.<\/li>\n<li>Cadwch gofnod o rif IMEI eich ff\u00f4n, sy&#8217;n god unigryw a geir fel arfer y tu \u00f4l i&#8217;ch batri ff\u00f4n. Os yw eich ff\u00f4n yn cael ei ddwyn, gwnewch yn si\u0175r eich bod yn ei ganslo gyda&#8217;ch darparwr rhwydwaith. Bydd hyn yn blocio\u2019r cerdyn SIM.<\/li>\n<\/ul>\n<p>[\/vc_column_text][\/vc_tta_section][vc_tta_section title=&#8221;Tacsis&#8221; tab_id=&#8221;1589363914401-41980c81-61b5&#8243;][vc_column_text]Mae dau fath o dacsi yng Nghaerdydd \u2013 cerbydau hacni a llogi preifat. Mae angen trwydded gan y Cyngor ar y ddau fath i weithredu&#8217;n gyfreithlon. Dysgwch ragor am y <a href=\"https:\/\/cardiffdigs.co.uk\/cy\/cymuned\/teithio-o-amgylch-caerdydd\/#1587121718198-896badc7-09df\" target=\"\" rel=\"noopener noreferrer\">gwahanol fathau o dacsis yma<\/a>.<\/p>\n<p>Peidiwch byth \u00e2 mynd i mewn i gerbyd heb drwydded. Ceisiwch beidio \u00e2 theithio ar eich pen eich hun ond os gwnewch, eisteddwch y tu \u00f4l i&#8217;r gyrrwr bob amser.<\/p>\n<p><strong>Dim arian? &#8211; Cynllun tacsi diogel \u2013<\/strong> Os ydych yn fyfyriwr ym Mhrifysgol Caerdydd neu Brifysgol Fetropolitan Caerdydd ac nad oes gennych arian i gyrraedd adref, gallwch ddefnyddio&#8217;r cynllun tacsi diogel. Cewch ragor o wybodaeth ar wefan Undeb y Myfyrwyr:<\/p>\n<ul>\n<li><a href=\"http:\/\/www.cardiffstudents.com\/love-cardiff\/community\/safe-taxi-scheme\/\" target=\"\" rel=\"noopener noreferrer\">Cynllun Tacsi Diogel Undeb Myfyrwyr Prifysgol Caerdydd<\/a><\/li>\n<li><a href=\"http:\/\/www.cardiffmetsu.co.uk\/union\/campaigns\/safetaxi\/\" target=\"\" rel=\"noopener noreferrer\">Cynllun Tacsi Diogel Undeb Myfyrwyr Prifysgol Met Caerdydd<\/a><\/li>\n<\/ul>\n<p>[\/vc_column_text][\/vc_tta_section][\/vc_tta_accordion][\/vc_column][\/vc_row]<\/p>\n<\/div>","protected":false},"excerpt":{"rendered":"<p>[vc_row][vc_column width=&#8221;1\/1&#8243;][vc_column_text] Diogelwch Personol [\/vc_column_text][\/vc_column][\/vc_row][vc_row][vc_column width=&#8221;1\/1&#8243;][\/vc_column][\/vc_row][vc_row][vc_column width=&#8221;1\/1&#8243;][vc_tta_accordion section_title_tag=&#8221;h2&#8243; color=&#8221;black&#8221; active_section=&#8221;1&#8243;][vc_tta_section title=&#8221;Diogelwch Personol&#8221; tab_id=&#8221;1589363914285-ef562806-256c&#8221;][vc_column_text]Mae Caerdydd yn lle gwych i fyw ynddo, a phrin fod pethau drwg yn digwydd, ond pan fyddwch yn byw yn y ddinas, mae pethau y gallwch eu gwneud i gadw eich hunan yn ddiogel. Trefnwch ymlaen llaw. Dysgwch ble rydych yn mynd, sut byddwch yn cyrraedd yno a phwy byddwch yn cwrdd \u00e2 nhw. Cynlluniwch eich taith yn \u00f4l bob tro, a rhowch wybod i ffrindiau ble rydych chi. Peidiwch byth \u00e2 derbyn lifft gan ddieithryn neu rywun nad ydych chi&#8217;n ei adnabod yn dda \u2013 waeth pa mor flinedig, gwlyb neu hwyr ydych chi. Cerdded yn y nos? Ewch mas mewn gr\u0175p, a dewch adref mewn gr\u0175p hefyd. Cadwch at ardaloedd prysur, wedi&#8217;u goleuo&#8217;n dda. Osgowch lwybrau byr peryglus drwy lonydd ac ardaloedd gwag. Cerddwch gydag osgo hyderus ac osgowch gario gormod ar unrhyw adeg o\u2019r dydd. Ceisiwch gadw un llaw yn rhydd bob amser. Cadwch yn ymwybodol o&#8217;ch amgylchoedd. Cofiwch fod sgwrsio ar y ff\u00f4n neu wrando ar gerddoriaeth yn gallu tynnu eich sylw o&#8217;r hyn sy&#8217;n digwydd o&#8217;ch cwmpas. Lawrlwythwch app diogelwch personol eich prifysgol. Gall Myfyrwyr Prifysgol Caerdydd a Myfyrwyr Prifysgol De Cymru [&hellip;]<\/p>\n","protected":false},"author":1,"featured_media":0,"parent":439,"menu_order":0,"comment_status":"closed","ping_status":"closed","template":"","meta":{"footnotes":""},"class_list":["post-444","page","type-page","status-publish","hentry"],"_links":{"self":[{"href":"https:\/\/www.cardiffdigs.co.uk\/cy\/wp-json\/wp\/v2\/pages\/444","targetHints":{"allow":["GET"]}}],"collection":[{"href":"https:\/\/www.cardiffdigs.co.uk\/cy\/wp-json\/wp\/v2\/pages"}],"about":[{"href":"https:\/\/www.cardiffdigs.co.uk\/cy\/wp-json\/wp\/v2\/types\/page"}],"author":[{"embeddable":true,"href":"https:\/\/www.cardiffdigs.co.uk\/cy\/wp-json\/wp\/v2\/users\/1"}],"replies":[{"embeddable":true,"href":"https:\/\/www.cardiffdigs.co.uk\/cy\/wp-json\/wp\/v2\/comments?post=444"}],"version-history":[{"count":5,"href":"https:\/\/www.cardiffdigs.co.uk\/cy\/wp-json\/wp\/v2\/pages\/444\/revisions"}],"predecessor-version":[{"id":2116,"href":"https:\/\/www.cardiffdigs.co.uk\/cy\/wp-json\/wp\/v2\/pages\/444\/revisions\/2116"}],"up":[{"embeddable":true,"href":"https:\/\/www.cardiffdigs.co.uk\/cy\/wp-json\/wp\/v2\/pages\/439"}],"wp:attachment":[{"href":"https:\/\/www.cardiffdigs.co.uk\/cy\/wp-json\/wp\/v2\/media?parent=444"}],"curies":[{"name":"wp","href":"https:\/\/api.w.org\/{rel}","templated":true}]}}