{"id":442,"date":"2015-09-09T12:37:18","date_gmt":"2015-09-09T12:37:18","guid":{"rendered":"http:\/\/dev.cardiffdigs.co.uk\/?page_id=442"},"modified":"2024-11-29T10:35:16","modified_gmt":"2024-11-29T10:35:16","slug":"diogelwch-yn-y-cartref","status":"publish","type":"page","link":"https:\/\/www.cardiffdigs.co.uk\/cy\/diogelwch\/diogelwch-yn-y-cartref\/","title":{"rendered":"Diogelwch yn y Cartref"},"content":{"rendered":"<div class=\"wpb-content-wrapper\"><p>[vc_row][vc_column width=&#8221;1\/1&#8243;][vc_column_text]<\/p>\n<h1>Diogelwch yn y Cartref<\/h1>\n<p>[\/vc_column_text][\/vc_column][\/vc_row][vc_row][vc_column width=&#8221;1\/1&#8243;]<div class=\"single_image wpb_content_element align-left    \" data-animation=\"none\" data-delay=\"0\"><\/div><div class=\"spacer\" style=\"height: 40px;\"><\/div>[\/vc_column][\/vc_row][vc_row][vc_column width=&#8221;1\/1&#8243;][vc_column_text]Dylai pawb deimlo&#8217;n ddiogel yn eu cartref eu hunain, felly edrychwch ar yr awgrymiadau isod i atal argyfyngau ac i wella diogelwch yn y cartref.<\/p>\n<p>Os oes gennych bryderon am ddiogelwch eich cartref, ewch i&#8217;r dudalen <a href=\"https:\/\/www.cardiffdigs.co.uk\/cy\/cysylltiadau-defnyddiol\/\">Cysylltu<\/a> i gael gwybod mwy am adrodd am bryderon.[\/vc_column_text][\/vc_column][\/vc_row][vc_row][vc_column width=&#8221;1\/1&#8243;]<div class=\"spacer\" style=\"height: 40px;\"><\/div>[\/vc_column][\/vc_row][vc_row][vc_column width=&#8221;1\/1&#8243;][vc_tta_accordion section_title_tag=&#8221;h2&#8243; color=&#8221;black&#8221; active_section=&#8221;1&#8243;][vc_tta_section title=&#8221;Diogelwch T\u00e2n&#8221; tab_id=&#8221;1588689283877-1952a10e-2234&#8243;][vc_column_text]Gall neb anwybyddu&#8217;r posibilrwydd y bydd t\u00e2n yn digwydd lle maen nhw&#8217;n byw. Mae myfyrwyr yn aml yn byw mewn tai a rennir \u2013 gall amlfeddiannaeth gynyddu&#8217;r risg o d\u00e2n.\u00a0 Dilynwch y cyngor hwn i leihau&#8217;r risg o d\u00e2n yn digwydd yn eich cartref.<\/p>\n<ul>\n<li><strong>Gwirio Gwener.<\/strong>Profwch eich larymau mwg a charbon monocsid bob wythnos &#8211; mae Gwirio Gwener yn ffordd dda o gofio profi bod eich larymau\u2019n gweithio. Dylai fod synwyryddion o leiaf ar bob llawr yn eich cartref, yn ddelfrydol yn y cyntedd neu ar y landin. Gwnewch yn si\u0175r bod eich larymau&#8217;n gweithio &#8211; arhoswch am y b\u00eep!<\/li>\n<li><strong>Cynlluniwch ffordd o ddianc.<\/strong> Gofynnwch hyn i chi&#8217;ch hun, os oedd t\u00e2n yn eich cartref, sut byddech chi&#8217;n dianc yn ddiogel?\u00a0 Mae&#8217;n bwysig gwybod yr ateb i hyn.\u00a0 Cofiwch gadw&#8217;r cynteddau, y grisiau a&#8217;r drysau\u2019n glir \u2013 gallai hyn fod yn llwybr dianc mewn argyfwng.<\/li>\n<li><strong>Byddwch yn ofalus yn y gegin.<\/strong> Peidiwch fyth \u00e2 choginio pan o dan ddylanwad alcohol neu gyffuriau, mae hyn yn amharu ar eich gallu. Mae&#8217;n well cael tecaw\u00ea ar y ffordd adref yn hytrach na choginio a bod mewn perygl.\u00a0 Peidiwch fyth \u00e2 rhoi d\u0175r ar fraster sy\u2019n llosgi, peidiwch \u00e2 symud padell sy\u2019n llosgi a pheidiwch \u00e2 gadael pethau\u2019n coginio heb oruchwyliaeth \u2013 byddai gwneud yr holl bethau hyn yn eich rhoi mewn perygl o gael eich brifo.<\/li>\n<li><strong>Cymerwch ofal gyda chanhwyllau.<\/strong> Peidiwch \u00e2 gadael canhwyllau heb oruchwyliaeth a gwnewch yn si\u0175r nad ydyn nhw&#8217;n agos at unrhyw beth a allai fynd ar d\u00e2n. Os ydych chi&#8217;n defnyddio goleuadau te, gwnewch yn si\u0175r eich bod chi&#8217;n eu rhoi mewn daliwr cannwyll.<\/li>\n<li><strong>Ydych chi\u2019n ysmygu?<\/strong> Peidiwch ag ysmygu yn y gwely \u2013 mae&#8217;n rhy hawdd syrthio i gysgu a pheidio \u00e2 sylwi bod sigar\u00e9t yn dal i losgi. Gwnewch yn si\u0175r eich bod yn ei roi allan, yn llwyr allan.<\/li>\n<\/ul>\n<p><strong>Os bydd t\u00e2n yn digwydd, peidiwch fyth \u00e2&#8217;i ymladd eich hun.\u00a0 Ewch allan \u2013 arhoswch allan a ffoniwch 999!<\/strong><\/p>\n<p>Mae Gwasanaeth T\u00e2n ac Achub De Cymru yn cynnal archwiliadau diogelwch t\u00e2n am ddim yn y cartref. Gallant hefyd osod larymau mwg yn eich eiddo am ddim.\u00a0 I drefnu eich ymweliad, ffoniwch 0800 169 1234 neu gallech gael mwy o wybodaeth o\u2019r <a href=\"https:\/\/www.decymru-tan.gov.uk\/eich-diogelwch-a-lles\/yn-y-cartref\/cais-am-ymweliad\/\" target=\"\" rel=\"noopener noreferrer\">wefan<\/a>.[\/vc_column_text][\/vc_tta_section][vc_tta_section title=&#8221;Diogelwch Nwy&#8221; tab_id=&#8221;1588689283905-e5a5dd6c-2995&#8243;][vc_column_text]Y Gofrestr Nwy Ddiogel yw&#8217;r rhestr swyddogol o beirianwyr nwy sy&#8217;n gymwys i weithio&#8217;n ddiogel ac yn gyfreithlon ar offer nwy. Mae hyn wedi cymryd lle cofrestriad CORGI. Dim ond peiriannydd cofrestredig y Gofrestr Nwy Ddiogel ddylai ffitio, trwsio neu wasanaethu offer nwy.<\/p>\n<p>Mae gan landlordiaid gyfrifoldebau am ddiogelwch nwy. \u00a0 Yn \u00f4l y gyfraith, rhaid i&#8217;ch landlord gadw&#8217;r holl offer nwy a gyflenwir i chi i&#8217;w defnyddio mewn cyflwr da.\u00a0 Mae&#8217;n rhaid iddynt drefnu bod peirianydd cofrestredig cofrestredig y Gofrestr Nwy Ddiogel yn cynnal archwiliad diogelwch nwy bob 12 mis ac yn darparu copi o gofnod diogelwch nwy y landlord.<\/p>\n<p><strong>Pob Tro<\/strong><\/p>\n<ul>\n<li>Gofynnwch am gopi o gofnod diogelwch nwy cyfredol y landlord cyn i chi symud i mewn.<\/li>\n<li>Cydweithredwch \u00e2&#8217;ch landlord a gadewch i\u2019r peiriannydd cofrestredig weithio pan fydd yn rhaid cynnal archwiliad diogelwch nwy neu wasanaethu offer.<\/li>\n<li>Edrychwch ar Gerdyn Adnabod unrhyw beiriannydd nwy sy&#8217;n dod i wneud gwaith yn eich cartref. Rhaid i&#8217;r peiriannydd fod yn gofrestredig ar y Gofrestr Nwy Ddiogel.\u00a0 Bydd y Cerdyn Adnabod yn dangos pa fathau o waith y mae&#8217;r peiriannydd yn gymwys i&#8217;w gwneud, felly gwnewch yn si\u0175r eich bod yn gwirio hyn.<\/li>\n<\/ul>\n<p>Gall offer sydd wedi&#8217;u gosod yn wael ac sydd wedi&#8217;u gwasanaethu&#8217;n wael achosi gollyngiadau nwy, tanau, ffrwydradau a gwenwyno carbon monocsid.[\/vc_column_text][\/vc_tta_section][vc_tta_section title=&#8221;Carbon Monocsid&#8221; tab_id=&#8221;1588689539264-1d5c47b9-a939&#8243;][vc_column_text]Mae carbon monocsid yn nwy gwenwynig sy&#8217;n gallu lladd yn gyflym heb unrhyw rybudd.\u00a0 Y chwe phrif arwydd a symptom gwenwyn carbon monocsid yw:<\/p>\n<ul>\n<li>pen tost,<\/li>\n<li>pendro,<\/li>\n<li>cyfog,<\/li>\n<li>diffyg anadl<\/li>\n<li>llewygu<\/li>\n<li>colli ymwybyddiaeth.<\/li>\n<\/ul>\n<p>Peidiwch \u00e2 chamgymryd y symptomau fel rhai\u2019r bore wedi yfed y noson cynt.<\/p>\n<p>Os ydych yn meddwl bod dyfais nwy yn wallus, diffoddwch ef a rhoi gwybod i&#8217;ch landlord ar unwaith.\u00a0 Mewn argyfwng ffoniwch y llinell gymorth nwy brys ar 0800 111 999. \u00a0Os ydych chi&#8217;n teimlo&#8217;n s\u00e2l, gofynnwch am gymorth meddygol ar unwaith.<\/p>\n<p>I wirio os yw peiriannydd nwy wedi&#8217;i gofrestru, ewch i <a href=\"http:\/\/www.gassaferegister.co.uk\/\" target=\"\" rel=\"noopener noreferrer\">GasSafeRegister <\/a>neu ffoniwch 0800 408 5500.[\/vc_column_text][\/vc_tta_section][vc_tta_section title=&#8221;Diogelwch Cartref&#8221; tab_id=&#8221;1588689740366-7f45d177-cd11&#8243;][vc_column_text]Mae llety myfyrwyr yn aml yn darged deniadol i ladron, felly dyma rai ffyrdd y gallwch chi ddiogelu eich cartref:<\/p>\n<ul>\n<li>Peidiwch ag atodi eich enw neu&#8217;ch cyfeiriad at allweddi eich t\u0177<\/li>\n<li>Os oes gennych gi\u00e2t neu fynedfa gefn, gwnewch yn si\u0175r ei bod yn cael ei chadw ar gau ac yn ddiogel bob amser<\/li>\n<li>Gwnewch yn si\u0175r bod y drysau a&#8217;r ffenestri wedi&#8217;u cloi pan fyddwch yn mynd allan<\/li>\n<li>Dylech osgoi cadw allweddi sb\u00e2r wedi&#8217;u cuddio o dan y mat drws ffrynt neu mewn lleoliadau eraill y tu allan i&#8217;r eiddo<\/li>\n<li>Cadwch bethau gwerthfawr yn ddiogel i ffwrdd ac allan o&#8217;r golwg o&#8217;r ffenestri<\/li>\n<li>Os ydych chi&#8217;n mynd adref am y gwyliau, ewch \u00e2&#8217;ch holl bethau gwerthfawr gyda chi a gwnewch yn si\u0175r bod popeth wedi&#8217;i gloi<\/li>\n<\/ul>\n<p>Cofrestrwch eich holl eiddo am ddim ar <a href=\"http:\/\/www.immobilise.com\/\" target=\"\" rel=\"noopener noreferrer\">immobilise.com<\/a>, a marcio&#8217;ch eiddo gyda beiro Uwch Fioled &#8211; bydd hyn yn ein helpu i ddychwelyd eitemau atoch os byddant yn mynd ar goll neu&#8217;n cael eu dwyn.<\/p>\n<p>[\/vc_column_text][\/vc_tta_section][vc_tta_section title=&#8221;Diogelwch Beic&#8221; tab_id=&#8221;1588690245405-256132a7-13f4&#8243;][vc_column_text]Mae beicio yn ffordd economaidd iawn o deithio o gwmpas ac mae&#8217;n bwysig eich bod yn cadw eich beic yn ddiogel.<\/p>\n<p>Wrth brynu beic; gwnewch yn si\u0175r eich bod yn ystyried y gost ar gyfer clo o ansawdd da, <a href=\"https:\/\/www.soldsecure.com\/\" target=\"\" rel=\"noopener noreferrer\">gorau oll os mai Clo Si\u00e2p D gyda gradd Aur<\/a> i wneud y beic yn ddiogel ac i atal lladron manteisgar. Mae hefyd yn syniad da i drefnu yswiriant a chofrestru eich beic ar <a href=\"http:\/\/www.immobilise.com\/\" target=\"\" rel=\"noopener noreferrer\">immobilise.com<\/a><\/p>\n<p>Ar \u00f4l i chi gael eich beic newydd, dylid ei storio mewn sied neu garej ddiogel neu wrth rywbeth arall nad yw\u2019n symud. Dylech ei gadw allan o olwg y cyhoedd a&#8217;i gadw dan glo hyd yn oed gartref.<\/p>\n<p>Wrth archwilio\u2019r ardal neu ruthro i ddarlithoedd, cofiwch gloi eich beic yn ddiogel a chymryd gyda chi unrhyw rannau y gellir eu tynnu&#8217;n hawdd. Dylech osgoi gadael eich beic mewn llefydd heb olau neu sydd wedi&#8217;u hynysu.<\/p>\n<p>Os yw eich beic yn cael ei ddwyn, cysylltwch \u00e2&#8217;r heddlu ar 101 ar unwaith.[\/vc_column_text][\/vc_tta_section][vc_tta_section title=&#8221;Diogelwch Car&#8221; tab_id=&#8221;1726483608322-bc6925d2-8686&#8243;][vc_column_text]Os oes gennych gar, peidiwch \u00e2 gadael unrhyw bethau gwerthfawr, bagiau neu ategolion y tu mewn i&#8217;ch car oherwydd gall pobl dorri&#8217;ch ffenestr i&#8217;w dwyn.[\/vc_column_text][\/vc_tta_section][\/vc_tta_accordion][\/vc_column][\/vc_row][vc_row][vc_column width=&#8221;1\/1&#8243;][\/vc_column][\/vc_row][vc_row][vc_column width=&#8221;1\/1&#8243;][\/vc_column][\/vc_row]<\/p>\n<\/div>","protected":false},"excerpt":{"rendered":"<p>[vc_row][vc_column width=&#8221;1\/1&#8243;][vc_column_text] Diogelwch yn y Cartref [\/vc_column_text][\/vc_column][\/vc_row][vc_row][vc_column width=&#8221;1\/1&#8243;][\/vc_column][\/vc_row][vc_row][vc_column width=&#8221;1\/1&#8243;][vc_column_text]Dylai pawb deimlo&#8217;n ddiogel yn eu cartref eu hunain, felly edrychwch ar yr awgrymiadau isod i atal argyfyngau ac i wella diogelwch yn y cartref. Os oes gennych bryderon am ddiogelwch eich cartref, ewch i&#8217;r dudalen Cysylltu i gael gwybod mwy am adrodd am bryderon.[\/vc_column_text][\/vc_column][\/vc_row][vc_row][vc_column width=&#8221;1\/1&#8243;][\/vc_column][\/vc_row][vc_row][vc_column width=&#8221;1\/1&#8243;][vc_tta_accordion section_title_tag=&#8221;h2&#8243; color=&#8221;black&#8221; active_section=&#8221;1&#8243;][vc_tta_section title=&#8221;Diogelwch T\u00e2n&#8221; tab_id=&#8221;1588689283877-1952a10e-2234&#8243;][vc_column_text]Gall neb anwybyddu&#8217;r posibilrwydd y bydd t\u00e2n yn digwydd lle maen nhw&#8217;n byw. Mae myfyrwyr yn aml yn byw mewn tai a rennir \u2013 gall amlfeddiannaeth gynyddu&#8217;r risg o d\u00e2n.\u00a0 Dilynwch y cyngor hwn i leihau&#8217;r risg o d\u00e2n yn digwydd yn eich cartref. Gwirio Gwener.Profwch eich larymau mwg a charbon monocsid bob wythnos &#8211; mae Gwirio Gwener yn ffordd dda o gofio profi bod eich larymau\u2019n gweithio. Dylai fod synwyryddion o leiaf ar bob llawr yn eich cartref, yn ddelfrydol yn y cyntedd neu ar y landin. Gwnewch yn si\u0175r bod eich larymau&#8217;n gweithio &#8211; arhoswch am y b\u00eep! Cynlluniwch ffordd o ddianc. Gofynnwch hyn i chi&#8217;ch hun, os oedd t\u00e2n yn eich cartref, sut byddech chi&#8217;n dianc yn ddiogel?\u00a0 Mae&#8217;n bwysig gwybod yr ateb i hyn.\u00a0 Cofiwch gadw&#8217;r cynteddau, y grisiau a&#8217;r drysau\u2019n glir \u2013 gallai hyn fod [&hellip;]<\/p>\n","protected":false},"author":1,"featured_media":0,"parent":439,"menu_order":0,"comment_status":"closed","ping_status":"closed","template":"","meta":{"footnotes":""},"class_list":["post-442","page","type-page","status-publish","hentry"],"_links":{"self":[{"href":"https:\/\/www.cardiffdigs.co.uk\/cy\/wp-json\/wp\/v2\/pages\/442","targetHints":{"allow":["GET"]}}],"collection":[{"href":"https:\/\/www.cardiffdigs.co.uk\/cy\/wp-json\/wp\/v2\/pages"}],"about":[{"href":"https:\/\/www.cardiffdigs.co.uk\/cy\/wp-json\/wp\/v2\/types\/page"}],"author":[{"embeddable":true,"href":"https:\/\/www.cardiffdigs.co.uk\/cy\/wp-json\/wp\/v2\/users\/1"}],"replies":[{"embeddable":true,"href":"https:\/\/www.cardiffdigs.co.uk\/cy\/wp-json\/wp\/v2\/comments?post=442"}],"version-history":[{"count":5,"href":"https:\/\/www.cardiffdigs.co.uk\/cy\/wp-json\/wp\/v2\/pages\/442\/revisions"}],"predecessor-version":[{"id":2851,"href":"https:\/\/www.cardiffdigs.co.uk\/cy\/wp-json\/wp\/v2\/pages\/442\/revisions\/2851"}],"up":[{"embeddable":true,"href":"https:\/\/www.cardiffdigs.co.uk\/cy\/wp-json\/wp\/v2\/pages\/439"}],"wp:attachment":[{"href":"https:\/\/www.cardiffdigs.co.uk\/cy\/wp-json\/wp\/v2\/media?parent=442"}],"curies":[{"name":"wp","href":"https:\/\/api.w.org\/{rel}","templated":true}]}}