{"id":430,"date":"2015-09-09T12:34:58","date_gmt":"2015-09-09T12:34:58","guid":{"rendered":"http:\/\/dev.cardiffdigs.co.uk\/?page_id=430"},"modified":"2024-11-29T10:49:13","modified_gmt":"2024-11-29T10:49:13","slug":"cofrestru-a-meddyg","status":"publish","type":"page","link":"https:\/\/www.cardiffdigs.co.uk\/cy\/iechyd\/cofrestru-a-meddyg\/","title":{"rendered":"Gwasanaethau Meddygol Lleol"},"content":{"rendered":"<div class=\"wpb-content-wrapper\"><p>[vc_row][vc_column width=&#8221;1\/1&#8243;][vc_column_text]<\/p>\n<h1>Gwasanaethau Meddygol Lleol<\/h1>\n<p>[\/vc_column_text][\/vc_column][\/vc_row][vc_row][vc_column width=&#8221;1\/1&#8243;]<div class=\"spacer\" style=\"height: 40px;\"><\/div>[\/vc_column][\/vc_row][vc_row][vc_column width=&#8221;1\/1&#8243;]<div class=\"single_image wpb_content_element align-left    \" data-animation=\"none\" data-delay=\"0\"><img loading=\"lazy\" decoding=\"async\" width=\"1400\" height=\"636\" src=\"https:\/\/www.cardiffdigs.co.uk\/wp-content\/uploads\/bigstock-Medical-physician-doctor-hands-84721406.jpg\" class=\"attachment-full\" alt=\"A doctor with arms crossed\" title=\"\" srcset=\"https:\/\/www.cardiffdigs.co.uk\/wp-content\/uploads\/bigstock-Medical-physician-doctor-hands-84721406.jpg 1400w, https:\/\/www.cardiffdigs.co.uk\/wp-content\/uploads\/bigstock-Medical-physician-doctor-hands-84721406-300x136.jpg 300w, https:\/\/www.cardiffdigs.co.uk\/wp-content\/uploads\/bigstock-Medical-physician-doctor-hands-84721406-1024x465.jpg 1024w\" sizes=\"auto, (max-width: 1400px) 100vw, 1400px\" \/><\/div>[vc_column_text]P\u2019un a ydych yn byw mewn neuadd neu mewn t\u0177 preifat yng Nghaerdydd mae angen i chi gofrestru \u00e2 meddygfa (meddyg teulu) cyn gynted ag y byddwch yn cyrraedd.<\/p>\n<p>Dylech gysylltu \u00e2\u2019r feddygfa o\u2019ch dewis (sydd o fewn eich dalgylch) cyn gynted \u00e2 phosib i gofrestru neu i ofyn am ragor o wybodaeth. Peidiwch ag aros nes y byddwch yn s\u00e2l i gofrestru gyda meddygfa &#8211; gwnewch hyn cyn gynted \u00e2 phosib wrth gyrraedd Caerdydd i sicrhau bod gennych fynediad rhwydd i wasanaethau pan fydd eu hangen arnoch. Gall cofrestru gymryd hyd at bythefnos.[\/vc_column_text][vc_tta_accordion section_title_tag=&#8221;h2&#8243; color=&#8221;black&#8221; active_section=&#8221;12&#8243; collapsible_all=&#8221;true&#8221;][vc_tta_section title=&#8221;Eich gwasanaethau iechyd a meddygfa deulu agosaf&#8221; tab_id=&#8221;1587372138885-84e63132-6def&#8221;][vc_column_text]Gallwch ddod o hyd i\u2019ch meddygfa deulu agosaf ynghyd \u00e2 rhestr o wasanaethau defnyddiol lleol eraill megis deintyddion, optegwyr neu fferyllfeydd drwy <a href=\"http:\/\/www.cardiffandvaleuhb.wales.nhs.uk\/directory\" target=\"\" rel=\"noopener noreferrer\">roi eich cod post yma.<\/a><\/p>\n<p>Pan fyddwch yn symud i feddygfa newydd, bydd angen i chi fynd \u00e2\u2019ch cerdyn meddygol GIG gyda chi. Mae arno fanylion eich meddygfa bresennol, ynghyd \u00e2 rhif GIG a bydd yn ei gwneud yn haws i chi gofrestru. Mae&#8217;r rhif GIG yn sicrhau y bydd eich cofnodion meddygol yn cael eu hanfon yn gyflym at y feddygfa newydd.<\/p>\n<p>Os nad oes gennych gerdyn GIG, gallwch gael y rhif GIG o&#8217;ch meddygfa bresennol. Mae&#8217;n syniad da ysgrifennu hwn i lawr ynghyd \u00e2&#8217;ch enw a&#8217;ch cyfeiriad. Cadwch y wybodaeth hon yn ddiogel oherwydd bydd ei hangen arnoch pryd bynnag y byddwch yn symud meddygfa.<\/p>\n<p>Os oes gennych unrhyw ymholiadau ynghylch cofrestru gyda phractis meddyg teulu, neu os hoffech gymorth i ddod o hyd i feddygfa deulu leol, gallwch gysylltu \u00e2 th\u00eem cofrestru Partneriaeth Cydwasanaethau GIG Cymru ar 01495 300727.<\/p>\n<p>Cofiwch, mae amrywiaeth eang o wasanaethau iechyd ar gael i&#8217;ch helpu os ydych chi&#8217;n teimlo&#8217;n s\u00e2l.\u00a0 Os nad ydych yn si\u0175r pa un yw&#8217;r gwasanaeth mwyaf priodol ar gyfer eich cyflwr iechyd, gall <a href=\"http:\/\/www.dewisdoethcymru.org.uk\/hafan\" target=\"\" rel=\"noopener noreferrer\">Dewis doeth<\/a> roi cyngor i chi.<\/p>\n<p>I gael gwybodaeth a chyngor arall yn ymwneud ag iechyd ewch i:<\/p>\n<p><a href=\"https:\/\/www.nhsdirect.wales.nhs.uk\/default.aspx?locale=cy\" target=\"\" rel=\"noopener noreferrer\">www.nhsdirect.wales.nhs.uk<\/a> neu ffoniwch Galw Iechyd Cymru ar 0845 4647<\/p>\n<p><strong>Wedi symud t\u0177?<\/strong><\/p>\n<p><strong>Os ydych yn symud t\u0177 bydd angen i chi wirio gyda&#8217;ch meddygfa i weld a oes angen i chi newid eich meddygfa gan y gallech fod allan o&#8217;ch dalgylch.<\/strong>[\/vc_column_text][\/vc_tta_section][vc_tta_section title=&#8221;Brechiadau ffliw&#8221; tab_id=&#8221;1587372353588-d899dbf8-abf8&#8243;][vc_column_text]Yn ystod misoedd y gaeaf, <strong>mae pigiadau ffliw am ddim ar gael i&#8217;r rhai sy\u2019n wynebu\u2019r risg fwyaf<\/strong> o ddal y feirws ffliw. Mae&#8217;n hawdd iawn cael brechiad rhag y ffliw am ddim, trefnwch apwyntiad yn eich meddygfa heddiw. Mae pigiadau ffliw hefyd ar gael mewn rhai fferyllfeydd lleol ar gyfer y rhai sy&#8217;n wynebu&#8217;r risg fwyaf.<\/p>\n<p>Y myfyrwyr sy&#8217;n <strong>wynebu\u2019r risg fwyaf<\/strong> o ddal ffliw yw&#8217;r rhai sydd ag:<\/p>\n<ul>\n<li>Asthma (neu sy\u2019n defnyddio anadlwyr ataliol)<\/li>\n<li>Clefyd y Siwgr (Diabetes)<\/li>\n<li>Clefyd yr arennau<\/li>\n<li>Clefyd yr afu<\/li>\n<li>Gofalwyr cofrestredig (neu\u2019r rheiny sy\u2019n byw gartref)<\/li>\n<li>Yn feichiog<\/li>\n<li>HIV\/AIDS<\/li>\n<li>Yn defnyddio meddyginiaethau sy\u2019n gwanhau\u2019r system imiwnedd<\/li>\n<\/ul>\n<p>Mae&#8217;n bwysig eich bod yn eich amddiffyn eich hun ac eraill o&#8217;ch cwmpas rhag y feirws ffliw er mwyn atal unrhyw gymhlethdodau rhag datblygu yn y dyfodol.<\/p>\n<p>Rhagor o wybodaeth am sut i <a href=\"https:\/\/icc.gig.cymru\/gwasanaethau-a-thimau\/curwch-ffliw\/\" target=\"\" rel=\"noopener noreferrer\">Guro Ffliw!<\/a>[\/vc_column_text][\/vc_tta_section][vc_tta_section title=&#8221;Help mewn argyfwng&#8221; tab_id=&#8221;1587372453097-a694e63b-4927&#8243;][vc_column_text]<strong>Mewn argyfwng difrifol neu pan fyddwch yn cael salwch sy&#8217;n peryglu bywyd, ffoniwch 999 a gofynnwch am ambiwlans os oes angen sylw meddygol ar unwaith arnoch<\/strong>. Er enghraifft, os oes gennych boen ddifrifol yn y frest, problemau anadlu difrifol, gwaedu difrifol neu os yw rhywun yn anymwybodol (nid yw&#8217;r rhestr hon yn hollgynhwysol).<\/p>\n<p>Os oes angen i chi fynd i&#8217;r Uned Achosion Brys, ond nad yw eich cyflwr yn bygwth bywyd, rhaid i chi ffonio&#8217;n gyntaf. Dyma sut mae&#8217;r system yn gweithio:<\/p>\n<p><img loading=\"lazy\" decoding=\"async\" class=\"alignnone wp-image-2284 size-large\" src=\"https:\/\/cardiffdigs.co.uk\/wp-content\/uploads\/CAV247_HOW_WILL_IT_WORK_WEL-1024x576.png\" alt=\"\" width=\"1024\" height=\"576\" srcset=\"https:\/\/www.cardiffdigs.co.uk\/wp-content\/uploads\/CAV247_HOW_WILL_IT_WORK_WEL-1024x576.png 1024w, https:\/\/www.cardiffdigs.co.uk\/wp-content\/uploads\/CAV247_HOW_WILL_IT_WORK_WEL-300x169.png 300w, https:\/\/www.cardiffdigs.co.uk\/wp-content\/uploads\/CAV247_HOW_WILL_IT_WORK_WEL-768x432.png 768w, https:\/\/www.cardiffdigs.co.uk\/wp-content\/uploads\/CAV247_HOW_WILL_IT_WORK_WEL-1536x864.png 1536w, https:\/\/www.cardiffdigs.co.uk\/wp-content\/uploads\/CAV247_HOW_WILL_IT_WORK_WEL-1000x563.png 1000w, https:\/\/www.cardiffdigs.co.uk\/wp-content\/uploads\/CAV247_HOW_WILL_IT_WORK_WEL.png 1920w\" sizes=\"auto, (max-width: 1024px) 100vw, 1024px\" \/>Gall eich meddyg teulu a fferyllwyr lleol gynnig cyngor ar feddyginiaethau a gallant ddarparu dulliau atal cenhedlu brys.<\/p>\n<p>Os nad ydych chi&#8217;n si\u0175r pa wasanaeth GIG i&#8217;w ddefnyddio, <a href=\"http:\/\/www.dewisdoethcymru.org.uk\/hafan\" target=\"\" rel=\"noopener noreferrer\">Dewis Doeth<\/a>[\/vc_column_text][\/vc_tta_section][\/vc_tta_accordion][\/vc_column][\/vc_row]<\/p>\n<\/div>","protected":false},"excerpt":{"rendered":"<p>[vc_row][vc_column width=&#8221;1\/1&#8243;][vc_column_text] Gwasanaethau Meddygol Lleol [\/vc_column_text][\/vc_column][\/vc_row][vc_row][vc_column width=&#8221;1\/1&#8243;][\/vc_column][\/vc_row][vc_row][vc_column width=&#8221;1\/1&#8243;][vc_column_text]P\u2019un a ydych yn byw mewn neuadd neu mewn t\u0177 preifat yng Nghaerdydd mae angen i chi gofrestru \u00e2 meddygfa (meddyg teulu) cyn gynted ag y byddwch yn cyrraedd. Dylech gysylltu \u00e2\u2019r feddygfa o\u2019ch dewis (sydd o fewn eich dalgylch) cyn gynted \u00e2 phosib i gofrestru neu i ofyn am ragor o wybodaeth. Peidiwch ag aros nes y byddwch yn s\u00e2l i gofrestru gyda meddygfa &#8211; gwnewch hyn cyn gynted \u00e2 phosib wrth gyrraedd Caerdydd i sicrhau bod gennych fynediad rhwydd i wasanaethau pan fydd eu hangen arnoch. Gall cofrestru gymryd hyd at bythefnos.[\/vc_column_text][vc_tta_accordion section_title_tag=&#8221;h2&#8243; color=&#8221;black&#8221; active_section=&#8221;12&#8243; collapsible_all=&#8221;true&#8221;][vc_tta_section title=&#8221;Eich gwasanaethau iechyd a meddygfa deulu agosaf&#8221; tab_id=&#8221;1587372138885-84e63132-6def&#8221;][vc_column_text]Gallwch ddod o hyd i\u2019ch meddygfa deulu agosaf ynghyd \u00e2 rhestr o wasanaethau defnyddiol lleol eraill megis deintyddion, optegwyr neu fferyllfeydd drwy roi eich cod post yma. Pan fyddwch yn symud i feddygfa newydd, bydd angen i chi fynd \u00e2\u2019ch cerdyn meddygol GIG gyda chi. Mae arno fanylion eich meddygfa bresennol, ynghyd \u00e2 rhif GIG a bydd yn ei gwneud yn haws i chi gofrestru. Mae&#8217;r rhif GIG yn sicrhau y bydd eich cofnodion meddygol yn cael eu hanfon yn gyflym at y feddygfa newydd. Os nad oes [&hellip;]<\/p>\n","protected":false},"author":1,"featured_media":0,"parent":629,"menu_order":0,"comment_status":"open","ping_status":"open","template":"","meta":{"footnotes":""},"class_list":["post-430","page","type-page","status-publish","hentry"],"_links":{"self":[{"href":"https:\/\/www.cardiffdigs.co.uk\/cy\/wp-json\/wp\/v2\/pages\/430","targetHints":{"allow":["GET"]}}],"collection":[{"href":"https:\/\/www.cardiffdigs.co.uk\/cy\/wp-json\/wp\/v2\/pages"}],"about":[{"href":"https:\/\/www.cardiffdigs.co.uk\/cy\/wp-json\/wp\/v2\/types\/page"}],"author":[{"embeddable":true,"href":"https:\/\/www.cardiffdigs.co.uk\/cy\/wp-json\/wp\/v2\/users\/1"}],"replies":[{"embeddable":true,"href":"https:\/\/www.cardiffdigs.co.uk\/cy\/wp-json\/wp\/v2\/comments?post=430"}],"version-history":[{"count":5,"href":"https:\/\/www.cardiffdigs.co.uk\/cy\/wp-json\/wp\/v2\/pages\/430\/revisions"}],"predecessor-version":[{"id":2108,"href":"https:\/\/www.cardiffdigs.co.uk\/cy\/wp-json\/wp\/v2\/pages\/430\/revisions\/2108"}],"up":[{"embeddable":true,"href":"https:\/\/www.cardiffdigs.co.uk\/cy\/wp-json\/wp\/v2\/pages\/629"}],"wp:attachment":[{"href":"https:\/\/www.cardiffdigs.co.uk\/cy\/wp-json\/wp\/v2\/media?parent=430"}],"curies":[{"name":"wp","href":"https:\/\/api.w.org\/{rel}","templated":true}]}}