{"id":409,"date":"2015-08-28T10:33:29","date_gmt":"2015-08-28T10:33:29","guid":{"rendered":"http:\/\/dev.cardiffdigs.co.uk\/?page_id=409"},"modified":"2025-10-29T11:34:36","modified_gmt":"2025-10-29T11:34:36","slug":"symud-i-mewn","status":"publish","type":"page","link":"https:\/\/www.cardiffdigs.co.uk\/cy\/llety\/byw-yn-eich-cartref-newydd\/symud-i-mewn\/","title":{"rendered":"Symud i mewn"},"content":{"rendered":"<div class=\"wpb-content-wrapper\"><p>[vc_row][vc_column width=&#8221;1\/1&#8243;][vc_column_text]<\/p>\n<h1>Symud i mewn<\/h1>\n<p>[\/vc_column_text][\/vc_column][\/vc_row][vc_row][vc_column width=&#8221;1\/1&#8243;]<div class=\"spacer\" style=\"height: 40px;\"><\/div>[\/vc_column][\/vc_row][vc_row][vc_column width=&#8221;1\/3&#8243;]<div class=\"single_image wpb_content_element align-left    \" data-animation=\"none\" data-delay=\"0\"><img loading=\"lazy\" decoding=\"async\" width=\"1080\" height=\"1080\" src=\"https:\/\/www.cardiffdigs.co.uk\/wp-content\/uploads\/Moving-In.png\" class=\"attachment-full\" alt=\"Two girls with moving boxes\" title=\"Moving In\" srcset=\"https:\/\/www.cardiffdigs.co.uk\/wp-content\/uploads\/Moving-In.png 1080w, https:\/\/www.cardiffdigs.co.uk\/wp-content\/uploads\/Moving-In-300x300.png 300w, https:\/\/www.cardiffdigs.co.uk\/wp-content\/uploads\/Moving-In-1024x1024.png 1024w, https:\/\/www.cardiffdigs.co.uk\/wp-content\/uploads\/Moving-In-150x150.png 150w, https:\/\/www.cardiffdigs.co.uk\/wp-content\/uploads\/Moving-In-768x768.png 768w, https:\/\/www.cardiffdigs.co.uk\/wp-content\/uploads\/Moving-In-80x80.png 80w, https:\/\/www.cardiffdigs.co.uk\/wp-content\/uploads\/Moving-In-500x500.png 500w, https:\/\/www.cardiffdigs.co.uk\/wp-content\/uploads\/Moving-In-1000x1000.png 1000w\" sizes=\"auto, (max-width: 1080px) 100vw, 1080px\" \/><\/div>[\/vc_column][vc_column width=&#8221;2\/3&#8243;][vc_tta_accordion section_title_tag=&#8221;h2&#8243; color=&#8221;black&#8221; active_section=&#8221;1&#8243;][vc_tta_section title=&#8221;Rhestr Eiddo&#8221; tab_id=&#8221;1587034274369-1180bce2-53c6&#8243;][vc_column_text]Gofynnwch i&#8217;ch landlord\/asiant gosod tai am restr a&#8217;i darllen yn ofalus.<br \/>\nMae rhestr eiddo&#8217;n nodi beth sydd yn y t\u0177 a chyflwr y t\u0177. Dylech nodi unrhyw broblemau, crafiadau a staeniau amlwg ynddo, a rhestru unrhyw eitemau sydd ar goll neu wedi&#8217;u difrodi. Tynnwch luniau (gyda dyddiadau arnynt) o bob ystafell ac unrhyw broblemau difrifol.<\/p>\n<p>Sicrhewch eich bod yn cytuno ar y rhestr gyda\u2019ch landlord\/asiantaeth a bod y ddwy ochr yn ei llofnodi. Cadwch gopi i&#8217;ch cofnodion eich hun a sicrhewch ei fod wrth law pan fyddwch yn symud allan.[\/vc_column_text][\/vc_tta_section][vc_tta_section title=&#8221;Diogelwch&#8221; tab_id=&#8221;1587034319005-e558aa35-f2f7&#8243;][vc_column_text]Gwiriwch fod larymau t\u00e2n a charbon monocsid wedi\u2019u gosod ac yn gweithio, a chynlluniwch lwybr dianc yn achos t\u00e2n.\u00a0Dilynwch gyngor gan y <a href=\"https:\/\/www.decymru-tan.gov.uk\/eich-diogelwch-a-lles\/yn-y-cartref\/diogelwch-tan-i-fyfyrwyr\/\" target=\"\" rel=\"noopener noreferrer\">Gwasanaeth T\u00e2n a Chofrestr Gas Safe<\/a> am aros yn ddiogel yn eich t\u0177 myfyrwyr. Os ydych yn pryderu, gallwch drefnu archwiliad diogelwch t\u00e2n am ddim yn y cartref gyda <a href=\"https:\/\/cardiffdigs.co.uk\/cy\/diogelwch\/diogelwch-yn-y-cartref\/#1588689283877-1952a10e-2234\" target=\"\" rel=\"noopener noreferrer\">Gwasanaeth T\u00e2n ac Achub De Cymru!<\/a><\/p>\n<p>Gwnewch yn si\u0175r fod eich tystysgrif diogelwch nwy yn gyfredol. Gofynnwch i&#8217;ch landlord\/asiant gosod i ddangos y dystysgrif i chi \u2013 mae&#8217;n rhaid iddyn nhw wneud hyn yn gyfreithiol.<\/p>\n<p>Os oes gan y t\u0177 larwm diogelwch, gwnewch yn si\u0175r eich bod yn ei ddefnyddio! Os nad ydych, gallech annilysu yswiriant t\u0177&#8217;r landlord a&#8217;ch yswiriant eiddo.[\/vc_column_text][\/vc_tta_section][vc_tta_section title=&#8221;Dewch o hyd i\u2019r mesuryddion nwy a thrydan.&#8221; tab_id=&#8221;1587034369549-0064dce7-eb02&#8243;][vc_column_text]Cysylltwch \u00e2&#8217;r cwmn\u00efau cyfleustodau \u00e2&#8217;r darlleniadau mesurydd a&#8217;r dyddiad y symudoch i mewn &#8211; cadwch nodyn o&#8217;r darlleniadau i&#8217;ch hun. Mae hyn yn eich atal rhag talu am nwy a thrydan a ddefnyddiwyd gan yr tenantiaid blaenorol. Os ydych yn rhannu t\u0177, gofynnwch i enw pob tenant gael ei roi ar y biliau. Drwy wneud hyn, ni fydd un person yn gwbl gyfrifol am y biliau. <a href=\"https:\/\/cardiffdigs.co.uk\/cy\/llety\/byw-yn-eich-cartref-newydd\/biliau\/\" target=\"\" rel=\"noopener noreferrer\">Trefnwch filiau eraill<\/a> fel d\u0175r a thrwyddedau teledu. Dylai pawb sy&#8217;n byw yn y t\u0177 gytuno ar sut y byddwch yn talu.<\/p>\n<p>Dewch o hyd i&#8217;r bocs ffiwsiau, stopfalfiau a sut i ddiffodd y d\u0175r\/nwy a thrydan.[\/vc_column_text][\/vc_tta_section][vc_tta_section title=&#8221;Gwastraff ac Ailgylchu&#8221; tab_id=&#8221;1591885077062-69692a93-247c&#8221;][vc_column_text]Oeddech chi&#8217;n gwybod bod Cymru ar flaen y gad o ran cyfraddau ailgylchu ledled y byd?\u00a0 Mae&#8217;n rhywbeth rydyn ni&#8217;n falch iawn ohono felly i ddeall ein trefniadau yma yng Nghaerdydd, edrychwch ar ein tudalennau <a href=\"https:\/\/cardiffdigs.co.uk\/cy\/gwastraff-ac-ailgylchu\/\" target=\"\" rel=\"noopener noreferrer\">Ailgylchu a Gwastraff.<\/a><\/p>\n<p><a href=\"https:\/\/cardiffdigs.co.uk\/wp-content\/uploads\/A5-Love-where-welsh-2020-1.pdf\" target=\"\" rel=\"noopener noreferrer\">Fel arall, rydym wedi rhoi&#8217;r wybodaeth at ei gilydd ar ffurf llawlyfr.<\/a>[\/vc_column_text][\/vc_tta_section][vc_tta_section title=&#8221;Cofrestru \u00e2 meddyg teulu lleol a chadw&#8217;r rhifau wrth law&#8221; tab_id=&#8221;1587034418325-a69d5d76-ef2c&#8221;][vc_column_text]Mae&#8217;n well gwneud hyn cyn gynted ag y byddwch yn symud i mewn yn lle aros nes eich bod yn s\u00e2l gan y gallai cofrestru gymryd hyd at bythefnos! <a href=\"https:\/\/cardiffdigs.co.uk\/cy\/iechyd-a-diogelwch\/iechyd\/cofrestru-a-meddyg\/\" target=\"\" rel=\"noopener noreferrer\">Dewch o hyd i feddygfa gyfagos.<\/a>[\/vc_column_text][\/vc_tta_section][vc_tta_section title=&#8221;Dwedwch helo wrth eich cymdogion&#8221; tab_id=&#8221;1587034478151-a9fb69ba-d1ac&#8221;][vc_column_text]Cymerwch eiliad i gyflwyno eich hunain i&#8217;ch cymdogion. Mae&#8217;n wych cael gwybod pwy sy&#8217;n byw yn eich cymuned a gallwch hefyd gael gwybod rhywfaint am eu ffordd o fyw. Gallech fod yn byw drws nesaf i&#8217;ch ffrind gorau newydd.<\/p>\n<p>Os yw eich cymdogion yn drigolion lleol, gallent o bosibl gadw llygad ar eich cartref yn ystod y gwyliau neu roi gwybod i chi beth yw&#8217;r <a href=\"https:\/\/cardiffdigs.co.uk\/cy\/gwastraff-ac-ailgylchu\/\" target=\"\" rel=\"noopener noreferrer\">system gwastraff ac ailgylchu<\/a>. Yn yr un modd mae&#8217;n dda cydnabod os oes yn well ganddynt ffordd dawel o fyw, os ydynt yn gweithio neu os oes plant ifanc ganddynt er mwyn <a href=\"https:\/\/cardiffdigs.co.uk\/cy\/cymuned\/byw-yn-y-gymuned\/#1587123543054-4923c929-733e\" target=\"\" rel=\"noopener noreferrer\">osgoi aflonyddwch yn y dyfodol<\/a> a byw drws nesaf mewn cytgord.[\/vc_column_text][\/vc_tta_section][vc_tta_section title=&#8221;Addasiadau i fyfyrwyr anabl&#8221; tab_id=&#8221;1605089422345-1409f866-7428&#8243;][vc_column_text]O barcio i ddeiliaid y Bathodyn Glas i gymorth \u00e2 chasgliadau gwastraff, gall Cyngor Caerdydd ddarparu nifer o addasiadau i&#8217;w gwasanaethau i gynorthwyo myfyrwyr anabl.\u00a0 Gallwch ddarllen mwy am y cymorth sydd ar gael <a href=\"https:\/\/www.cardiff.gov.uk\/CYM\/preswylydd\/Gwasanaethau-Cymdeithasol-a-Lles\/Anabledd\/Pages\/default.aspx\" target=\"\" rel=\"noopener noreferrer\">yma.<\/a><\/p>\n<p>Gallai fod gennych hawl i newidiadau neu \u201caddasiadau rhesymol\u201d a fydd yn eich helpu i fyw yn eich cartref rhent. Mae gan y <u><a href=\"https:\/\/www.citizensadvice.org.uk\/cymraeg\/Tai\/gwahaniaethu-mewn-perthynas-a-thai\/gweithredu\/gofyn-am-addasiadau-ich-helpu-gydach-anabledd\/\" target=\"\" rel=\"noopener noreferrer\">Ganolfan Cyngor ar Bopeth<\/a><\/u> ragor o gyngor ar y math o addasiadau y gallwch ofyn i\u2019ch landlord amdanynt.[\/vc_column_text][\/vc_tta_section][\/vc_tta_accordion][\/vc_column][\/vc_row]<\/p>\n<\/div>","protected":false},"excerpt":{"rendered":"<p>[vc_row][vc_column width=&#8221;1\/1&#8243;][vc_column_text] Symud i mewn [\/vc_column_text][\/vc_column][\/vc_row][vc_row][vc_column width=&#8221;1\/1&#8243;][\/vc_column][\/vc_row][vc_row][vc_column width=&#8221;1\/3&#8243;][\/vc_column][vc_column width=&#8221;2\/3&#8243;][vc_tta_accordion section_title_tag=&#8221;h2&#8243; color=&#8221;black&#8221; active_section=&#8221;1&#8243;][vc_tta_section title=&#8221;Rhestr Eiddo&#8221; tab_id=&#8221;1587034274369-1180bce2-53c6&#8243;][vc_column_text]Gofynnwch i&#8217;ch landlord\/asiant gosod tai am restr a&#8217;i darllen yn ofalus. Mae rhestr eiddo&#8217;n nodi beth sydd yn y t\u0177 a chyflwr y t\u0177. Dylech nodi unrhyw broblemau, crafiadau a staeniau amlwg ynddo, a rhestru unrhyw eitemau sydd ar goll neu wedi&#8217;u difrodi. Tynnwch luniau (gyda dyddiadau arnynt) o bob ystafell ac unrhyw broblemau difrifol. Sicrhewch eich bod yn cytuno ar y rhestr gyda\u2019ch landlord\/asiantaeth a bod y ddwy ochr yn ei llofnodi. Cadwch gopi i&#8217;ch cofnodion eich hun a sicrhewch ei fod wrth law pan fyddwch yn symud allan.[\/vc_column_text][\/vc_tta_section][vc_tta_section title=&#8221;Diogelwch&#8221; tab_id=&#8221;1587034319005-e558aa35-f2f7&#8243;][vc_column_text]Gwiriwch fod larymau t\u00e2n a charbon monocsid wedi\u2019u gosod ac yn gweithio, a chynlluniwch lwybr dianc yn achos t\u00e2n.\u00a0Dilynwch gyngor gan y Gwasanaeth T\u00e2n a Chofrestr Gas Safe am aros yn ddiogel yn eich t\u0177 myfyrwyr. Os ydych yn pryderu, gallwch drefnu archwiliad diogelwch t\u00e2n am ddim yn y cartref gyda Gwasanaeth T\u00e2n ac Achub De Cymru! Gwnewch yn si\u0175r fod eich tystysgrif diogelwch nwy yn gyfredol. Gofynnwch i&#8217;ch landlord\/asiant gosod i ddangos y dystysgrif i chi \u2013 mae&#8217;n rhaid iddyn nhw wneud hyn yn gyfreithiol. Os oes gan y t\u0177 larwm diogelwch, gwnewch yn [&hellip;]<\/p>\n","protected":false},"author":1,"featured_media":0,"parent":401,"menu_order":0,"comment_status":"open","ping_status":"open","template":"","meta":{"footnotes":""},"class_list":["post-409","page","type-page","status-publish","hentry"],"_links":{"self":[{"href":"https:\/\/www.cardiffdigs.co.uk\/cy\/wp-json\/wp\/v2\/pages\/409","targetHints":{"allow":["GET"]}}],"collection":[{"href":"https:\/\/www.cardiffdigs.co.uk\/cy\/wp-json\/wp\/v2\/pages"}],"about":[{"href":"https:\/\/www.cardiffdigs.co.uk\/cy\/wp-json\/wp\/v2\/types\/page"}],"author":[{"embeddable":true,"href":"https:\/\/www.cardiffdigs.co.uk\/cy\/wp-json\/wp\/v2\/users\/1"}],"replies":[{"embeddable":true,"href":"https:\/\/www.cardiffdigs.co.uk\/cy\/wp-json\/wp\/v2\/comments?post=409"}],"version-history":[{"count":6,"href":"https:\/\/www.cardiffdigs.co.uk\/cy\/wp-json\/wp\/v2\/pages\/409\/revisions"}],"predecessor-version":[{"id":1868,"href":"https:\/\/www.cardiffdigs.co.uk\/cy\/wp-json\/wp\/v2\/pages\/409\/revisions\/1868"}],"up":[{"embeddable":true,"href":"https:\/\/www.cardiffdigs.co.uk\/cy\/wp-json\/wp\/v2\/pages\/401"}],"wp:attachment":[{"href":"https:\/\/www.cardiffdigs.co.uk\/cy\/wp-json\/wp\/v2\/media?parent=409"}],"curies":[{"name":"wp","href":"https:\/\/api.w.org\/{rel}","templated":true}]}}