{"id":404,"date":"2015-08-28T10:33:52","date_gmt":"2015-08-28T10:33:52","guid":{"rendered":"http:\/\/dev.cardiffdigs.co.uk\/?page_id=404"},"modified":"2024-11-15T15:39:31","modified_gmt":"2024-11-15T15:39:31","slug":"cadw-cartref-hapus","status":"publish","type":"page","link":"https:\/\/www.cardiffdigs.co.uk\/cy\/llety\/byw-yn-eich-cartref-newydd\/cadw-cartref-hapus\/","title":{"rendered":"Cadw cartref hapus"},"content":{"rendered":"<div class=\"wpb-content-wrapper\"><p>[vc_row][vc_column width=&#8221;1\/1&#8243;][vc_column_text]<\/p>\n<h1>Problemau yn y T\u0177<\/h1>\n<p>[\/vc_column_text][\/vc_column][\/vc_row][vc_row][vc_column width=&#8221;1\/1&#8243;]<div class=\"spacer\" style=\"height: 40px;\"><\/div>[\/vc_column][\/vc_row][vc_row][vc_column width=&#8221;1\/3&#8243;]<div class=\"single_image wpb_content_element align-left    \" data-animation=\"none\" data-delay=\"0\"><img loading=\"lazy\" decoding=\"async\" width=\"1400\" height=\"893\" src=\"https:\/\/www.cardiffdigs.co.uk\/wp-content\/uploads\/bigstock-Typical-English-Houses-Blue-S-5388764.jpg\" class=\"attachment-full\" alt=\"A row of houses\" title=\"bigstock-Typical-English-Houses-Blue-S-5388764\" srcset=\"https:\/\/www.cardiffdigs.co.uk\/wp-content\/uploads\/bigstock-Typical-English-Houses-Blue-S-5388764.jpg 1400w, https:\/\/www.cardiffdigs.co.uk\/wp-content\/uploads\/bigstock-Typical-English-Houses-Blue-S-5388764-300x191.jpg 300w, https:\/\/www.cardiffdigs.co.uk\/wp-content\/uploads\/bigstock-Typical-English-Houses-Blue-S-5388764-1024x653.jpg 1024w\" sizes=\"auto, (max-width: 1400px) 100vw, 1400px\" \/><\/div>[\/vc_column][vc_column width=&#8221;2\/3&#8243;][vc_tta_accordion section_title_tag=&#8221;h2&#8243; color=&#8221;black&#8221; active_section=&#8221;1&#8243;][vc_tta_section title=&#8221;Lleithder a llwydni&#8221; tab_id=&#8221;1587044755861-0f491075-2bb1&#8243;][vc_column_text]Gall lleithder a llwydni fod yn broblem gyffredin am ddau reswm: naill ai nid yw&#8217;r tenantiaid yn gwresogi ac awyru&#8217;r eiddo&#8217;n effeithlon, neu mae diffyg yn yr eiddo.<\/p>\n<p>Mae anwedd a thwf llwydni du yn eich cartref yn arwydd bod gormod o dd\u0175r yn yr aer. Wrth i&#8217;r gaeaf agos\u00e1u, efallai y byddwch yn sylwi ar fwy o anwedd ar ffenestri, er enghraifft. Gall anwedd arwain at leithder a llwydni os nad yw&#8217;n cael ei drin yn gywir ond gellir ei unioni.<\/p>\n<p>Os byddwch yn sylwi ar dyfiant, sychwch yr ardal er mwyn ei glanhau&#8217;n drylwyr a&#8217;i thrin \u00e2 golch gwrth-ffyngaidd sydd ar gael o siopau nwyddau haearn. Cofiwch wisgo menig rwber a dilyn cyfarwyddiadau&#8217;r gwneuthurwr.<\/p>\n<p>Ar \u00f4l cael gwared ar y llwydni, dilynwch y camau hyn i&#8217;w atal rhag digwydd eto!<br \/>\n\u2022 Hyrwyddo cylchrediad aer gymaint \u00e2 phosibl i helpu i atal llwydni rhag tyfu ar waliau drwy agor ffenestri. (Ond gwnewch hynny pan fyddwch chi yn yr ystafell yn unig, peidiwch \u00e2 gadael ffenestri ar agor pan fyddwch chi allan \u2013 mae perygl o dresmasu!)<br \/>\n\u2022 Cadwch reiddiaduron ar wres isel am gyfnod hirach yn hytrach na throi\u2019r gwres yn uchel am ychydig o oriau. Bydd hyn yn sicrhau bod gwres yn cael ei adeiladu yn yr ystafell a&#8217;i storio yn y waliau.<br \/>\n\u2022 Sicrhewch eich bod yn rhoi d\u0175r ar y ffenestri ac agor eich ffenestr, gan y bydd hyn yn troi&#8217;n llwydni os caiff ei adael. <strong>Mae d\u0175r ar silffoedd ffenestri ac anwedd ar ffenestri yn arwyddion bod angen agor ffenestri!<\/strong><br \/>\n\u2022 Gorchuddiwch sosbenni wrth goginio, defnyddiwch ffaniau echdynnu, a dillad sych yn yr awyr agored (yn y gaeaf dillad y tu mewn ond ffenestri agored i gael gwared ar leithder).<\/p>\n<p>Mae gan eich landlord yr hawl i gymryd costau angenrheidiol o&#8217;ch blaendal ar ddiwedd y flwyddyn os yw&#8217;n amlwg mai&#8217;r tenantiaid oedd yn achosi lleithder a llwydni, felly dilynwch y cyngor a roddir yma.[\/vc_column_text][\/vc_tta_section][vc_tta_section title=&#8221;Llygod a Llygod Mawr&#8221; tab_id=&#8221;1587044755885-0ef84776-ea14&#8243;][vc_column_text]Mae llygod a llygod mawr yn westeion cyffredin mewn ardaloedd sydd \u00e2 llawer o sbwriel\/gwastraff. Byddant yn bwyta bron unrhyw beth y mae pobl yn ei fwyta, felly mae sicrhau nad oes cyflenwad parod o fwyd ar gael yn hollbwysig. Byddant yn cnoi ac yn rhwygo pecynnau bwyd ar agor ac yn halogi bwyd ag wrin a baw. Gallant drosglwyddo clefydau i bobl ac achosi difrod strwythurol yn y cartref, a dyna pam mae angen eu rheoli.<\/p>\n<p>Fel tenantiaid, gallwch helpu i atal pl\u00e2u drwy gymryd 5 mesur syml:<br \/>\n\u2022 Tynnu&#8217;r ffynhonnell fwyd i ffwrdd<br \/>\nGlanhau ar \u00f4l prydau bwyd. Dim ond swm bach iawn o fwyd mae ei angen ar gnofilod i oroesi; gall hyd yn oed briwsion eu bodloni. Peidiwch byth \u00e2 gadael bwyd allan. Cadwch yr holl fwyd sydd wedi\u2019i agor mewn cynwysyddion wedi&#8217;u selio a chadwch gaead biniau ar gau.<br \/>\n\u2022 Defnyddiwch eich gwasanaeth casglu gwastraff yn gywir<br \/>\n<a href=\"https:\/\/cardiffdigs.co.uk\/cy\/gwastraff-ac-ailgylchu\/\" target=\"\" rel=\"noopener noreferrer\">Nodwch ddiwrnodau eich casgliadau bin<\/a>; dyma&#8217;ch cyfle i gael gwared ar ffynonellau bwyd posibl ar gyfer llygod. Sicrhewch fod gwastraff cartref yn cael ei roi allan yn rheolaidd i&#8217;w gasglu ar y diwrnodau cywir fel nad yw&#8217;n cronni yn eich t\u0177 neu&#8217;ch gardd. Mae bagiau bin yn cael eu rhwygo ar agor gan lygod\/adar oherwydd y bwyd y tu mewn. Gall defnyddio eich cadi gwastraff bwyd cyngor yn gywir helpu i atal hyn.<br \/>\n\u2022 Cadwch y tu mewn a&#8217;r tu allan i&#8217;ch t\u0177 yn l\u00e2n ac yn daclus<br \/>\nNid yw waliau&#8217;n gwneud llawer o wahaniaeth i lygod \u2013 gallant wasgu drwy&#8217;r bylchau lleiaf. Glanhewch unrhyw fagiau agored sydd wedi\u2019u rhwygo\u2019n gyflym i atal llygod rhag cael gwledd!<br \/>\n\u2022 Cymerwch ofal os ydych yn bwydo adar gwyllt neu anifeiliaid eraill, efallai y byddwch yn bwydo llygod mawr hefyd. Defnyddiwch fwyd adar priodol a pheidiwch \u00e2 gadael bwyd anifeiliaid allan dros nos ac ar y ddaear.<\/p>\n<p>\u2022 Sicrhewch fod eich eiddo mewn cyflwr da fel na all llygod mawr gael mynediad iddo. Dylai gorchuddion archwilio&#8217;r draeniau fod wedi\u2019u gosod yn eu lle a heb eu difrodi. Chwiliwch am dyllau o amgylch pibellau sy\u2019n mynd i mewn i\u2019r eiddo neu awyrellau nad ydynt wedi&#8217;u gosod yn iawn neu sydd wedi torri. Rhowch wybod am unrhyw broblemau i\u2019ch landlord\/asiant gosod.<\/p>\n<p>Mae llygod a llygod mawr yn glyfar, ond maen nhw&#8217;n gadael arwyddion eu bod yn eich cartref. Edrychwch am dyllau bach mewn bagiau sbwriel\/pacedi bwyd, baw a bylchau mewn waliau\/estyll llawr. Mae cnofilod yn tueddu i ddod allan yn y nos i chwilio am fwyd, felly gwrandewch am synau sgrialu\/crafu.<\/p>\n<p>Os ydych chi wedi gweld unrhyw un o&#8217;r arwyddion hyn a&#8217;ch bod yn credu bod gennych chi broblem gyda llygod neu lygod mawr, mae&#8217;n bwysig cael gwared ar y gwesteion diangen hyn yn gyflym, gan eu bod yn lluosi\u2019n gyflym!<\/p>\n<p>Cysylltwch \u00e2&#8217;ch landlord neu eich asiant gosod i roi gwybod iddynt am y broblem. Efallai y byddant yn dymuno rheoli&#8217;r pla eu hunain, defnyddio cwmni preifat neu ofyn am gymorth Cyngor Caerdydd. Dysgwch fwy am <a href=\"http:\/\/www.cardiff.gov.uk\/CYM\/preswylydd\/Plau-llygredd-a-hylendid-bwyd\/Plau\/Pages\/Plau.aspx\" target=\"\" rel=\"noopener noreferrer\">wasanaeth rheoli pl\u00e2u&#8217;r Cyngor<\/a>.<\/p>\n<p>Mae T\u00eem Rheoli Pl\u00e2u Cyngor Caerdydd yn darparu gwasanaethau ar gyfer cynghori, arwain a thrin achosion sy&#8217;n ymwneud \u00e2 phl\u00e2u digroeso. Gellir cysylltu \u00e2 nhw ar 029 2087 2935 neu drwy e-bost: RheoliPla@caerdydd.gov.uk[\/vc_column_text][\/vc_tta_section][vc_tta_section title=&#8221;Anghytundebau ynghylch Bondiau a Blaendaliadau&#8221; tab_id=&#8221;1587044905641-01dba879-8208&#8243;][vc_column_text]Pan fyddwch yn cyrraedd diwedd eich cytundeb tenantiaeth, dylech dderbyn eich bond yn \u00f4l o fewn 10 diwrnod; fodd bynnag, gall anghytundebau godi rhwng landlordiaid a thenantiaid yngl\u0177n \u00e2 faint o flaendal gwreiddiol y tenantiaid y dylid ei roi yn \u00f4l. Fel tenantiaid, dylech gael eich blaendal llawn yn \u00f4l os ydych yn bodloni telerau eich cytundeb tenantiaeth, yn peidio \u00e2 difrodi&#8217;r eiddo, ac yn talu eich rhent a\u2019ch biliau. Efallai eich bod yn credu eich bod wedi gwneud y pethau hyn i gyd, ond efallai na fydd eich landlord yn cytuno. Mae&#8217;n bwysig trin eich t\u0177 myfyrwyr \u00e2 pharch; eich cartref chi yw hwn bellach. Fodd bynnag, os credwch eich bod yn cael eich trin yn annheg gallwch wneud y canlynol.<\/p>\n<p>Os ydych yn anghytuno \u00e2\u2019ch landlord o ran swm y blaendal y dylid ei ddychwelyd, mae eich Cynllun Diogelu Blaendaliadau Tenantiaeth yn cynnig gwasanaeth datrys anghydfodau am ddim. Dyma pam mae\u2019n bwysig sicrhau eich bod yn gwybod bod eich blaendal yn cael ei ddiogelu gan gynllun.<\/p>\n<p>Os nad ydych yn si\u0175r a yw eich blaendal wedi\u2019i ddiogelu, gofynnwch i\u2019ch landlord neu cysylltwch \u00e2\u2019r cynlluniau cymeradwy:<br \/>\n<a href=\"https:\/\/www.depositprotection.com\/\" target=\"\" rel=\"noopener noreferrer\">Gwasanaeth Diogelu Blaendaliadau<\/a><br \/>\n0844 4727 000<br \/>\n<a href=\"https:\/\/www.mydeposits.co.uk\/\" target=\"\" rel=\"noopener noreferrer\">FyMlaendaliadau<\/a><br \/>\n0844 980 0290<br \/>\n<a href=\"https:\/\/www.tenancydepositscheme.com\/\" target=\"\" rel=\"noopener noreferrer\">Y Cynllun Blaendaliadau Tenantiaeth<\/a><br \/>\n0845 226 7837<br \/>\nI gael mwy o help neu wybodaeth, cysylltwch \u00e2 <a href=\"http:\/\/www.cardiff.gov.uk\/CYM\/preswylydd\/hybiau-a-swyddfeydd-tai\/Pages\/default.aspx\" target=\"\" rel=\"noopener noreferrer\">Chanolfannau Cynghori Cyngor Caerdydd<\/a>, <a href=\"https:\/\/cardiffdigs.co.uk\/cy\/llety\/or-neuadd-i-dy\/pryd-i-chwilio\/\" target=\"\" rel=\"noopener noreferrer\">Swyddog Llety eich Prifysgol neu Gynghorwr o Undeb y Myfyrwyr<\/a>[\/vc_column_text][\/vc_tta_section][vc_tta_section title=&#8221;Cyflwr yr Eiddo&#8221; tab_id=&#8221;1587044957703-c8097c11-48b3&#8243;][vc_column_text]Gwasanaethau rheoliadol a rennir gall T\u00eem Gorfodi Tai Caerdydd eich helpu os ydych yn denant sy&#8217;n wynebu anawsterau yn eich llety rhent preifat.<\/p>\n<p>Mae gan y T\u00eem Gorfodi Tai bwerau dan Ddeddf Tai 2004 i ymdrin \u00e2 pheryglon iechyd a diogelwch mewn eiddo rhentu preifat, gan gynnwys ond heb fod yn gyfyngedig i\u2019r canlynol:<br \/>\n&#8211; Diogelwch t\u00e2n<br \/>\n&#8211; Diogelwch<br \/>\n&#8211; Baglu a chwympo<br \/>\n&#8211; Lleithder a llwydni<br \/>\n&#8211; Cyfleusterau cegin ac ystafell ymolchi<br \/>\n&#8211; Cyfarpar nwy a thrydan<\/p>\n<p>Cyn gwneud cwyn i&#8217;r Cyngor, mae&#8217;n bwysig eich bod yn rhoi cyfle i&#8217;ch landlord neu&#8217;ch asiant gosod ddatrys y sefyllfa. E-bostiwch eich landlord neu eich asiant gosod gyda manylion y problemau yn eich eiddo, gan ofyn iddo wneud y gwaith atgyweirio o fewn amserlen addas. Efallai ei bod yn werth rhoi gwybod iddo os nad yw\u2019n cwblhau&#8217;r gwaith trwsio na fydd gennych ddewis ond cwyno i\u2019r Gwasanaethau Rheoliadol a Rennir.<\/p>\n<p>Os nad yw&#8217;r gwaith atgyweirio wedi&#8217;i gwblhau, cysylltwch \u00e2 Th\u00eem Gorfodi Tai Caerdydd gyda chyfeiriad yr eiddo, eich manylion cyswllt chi a rhai eich landlord, a manylion y problemau sydd gennych.<\/p>\n<p>Yna bydd swyddog o&#8217;r T\u00eem Gorfodi Tai yn cysylltu \u00e2&#8217;r landlord\/asiant ac yn rhoi gwybod iddo ei fod wedi derbyn cwyn gan ei denant a bydd y swyddog yn trefnu ymweld \u00e2 chi ac archwilio&#8217;ch eiddo am beryglon.<\/p>\n<p>Bydd unrhyw beryglon a ganfyddir yn cael eu hasesu a, lle bo angen, bydd yn ofynnol i&#8217;r perchennog wneud gwaith i leihau&#8217;r peryglon a nodwyd i lefel dderbyniol.<\/p>\n<p>Os nad yw&#8217;r perchennog yn cytuno i gwblhau&#8217;r gwaith o fewn amserlen resymol, yna gall y Cyngor gymryd camau gorfodi o dan Ddeddf Tai 2004 i sicrhau bod y gwaith atgyweirio&#8217;n cael ei gwblhau.<\/p>\n<p><a href=\"https:\/\/www.srs.wales\/cy\/Home.aspx\" target=\"\" rel=\"noopener noreferrer\">Gwasanaethau Rheoliadol a Rennir<\/a>&#8211; 0300 123 6696[\/vc_column_text][\/vc_tta_section][\/vc_tta_accordion][\/vc_column][\/vc_row]<\/p>\n<\/div>","protected":false},"excerpt":{"rendered":"<p>[vc_row][vc_column width=&#8221;1\/1&#8243;][vc_column_text] Problemau yn y T\u0177 [\/vc_column_text][\/vc_column][\/vc_row][vc_row][vc_column width=&#8221;1\/1&#8243;][\/vc_column][\/vc_row][vc_row][vc_column width=&#8221;1\/3&#8243;][\/vc_column][vc_column width=&#8221;2\/3&#8243;][vc_tta_accordion section_title_tag=&#8221;h2&#8243; color=&#8221;black&#8221; active_section=&#8221;1&#8243;][vc_tta_section title=&#8221;Lleithder a llwydni&#8221; tab_id=&#8221;1587044755861-0f491075-2bb1&#8243;][vc_column_text]Gall lleithder a llwydni fod yn broblem gyffredin am ddau reswm: naill ai nid yw&#8217;r tenantiaid yn gwresogi ac awyru&#8217;r eiddo&#8217;n effeithlon, neu mae diffyg yn yr eiddo. Mae anwedd a thwf llwydni du yn eich cartref yn arwydd bod gormod o dd\u0175r yn yr aer. Wrth i&#8217;r gaeaf agos\u00e1u, efallai y byddwch yn sylwi ar fwy o anwedd ar ffenestri, er enghraifft. Gall anwedd arwain at leithder a llwydni os nad yw&#8217;n cael ei drin yn gywir ond gellir ei unioni. Os byddwch yn sylwi ar dyfiant, sychwch yr ardal er mwyn ei glanhau&#8217;n drylwyr a&#8217;i thrin \u00e2 golch gwrth-ffyngaidd sydd ar gael o siopau nwyddau haearn. Cofiwch wisgo menig rwber a dilyn cyfarwyddiadau&#8217;r gwneuthurwr. Ar \u00f4l cael gwared ar y llwydni, dilynwch y camau hyn i&#8217;w atal rhag digwydd eto! \u2022 Hyrwyddo cylchrediad aer gymaint \u00e2 phosibl i helpu i atal llwydni rhag tyfu ar waliau drwy agor ffenestri. (Ond gwnewch hynny pan fyddwch chi yn yr ystafell yn unig, peidiwch \u00e2 gadael ffenestri ar agor pan fyddwch chi allan \u2013 mae perygl o dresmasu!) \u2022 Cadwch reiddiaduron ar wres isel am [&hellip;]<\/p>\n","protected":false},"author":1,"featured_media":0,"parent":401,"menu_order":0,"comment_status":"open","ping_status":"open","template":"","meta":{"footnotes":""},"class_list":["post-404","page","type-page","status-publish","hentry"],"_links":{"self":[{"href":"https:\/\/www.cardiffdigs.co.uk\/cy\/wp-json\/wp\/v2\/pages\/404","targetHints":{"allow":["GET"]}}],"collection":[{"href":"https:\/\/www.cardiffdigs.co.uk\/cy\/wp-json\/wp\/v2\/pages"}],"about":[{"href":"https:\/\/www.cardiffdigs.co.uk\/cy\/wp-json\/wp\/v2\/types\/page"}],"author":[{"embeddable":true,"href":"https:\/\/www.cardiffdigs.co.uk\/cy\/wp-json\/wp\/v2\/users\/1"}],"replies":[{"embeddable":true,"href":"https:\/\/www.cardiffdigs.co.uk\/cy\/wp-json\/wp\/v2\/comments?post=404"}],"version-history":[{"count":5,"href":"https:\/\/www.cardiffdigs.co.uk\/cy\/wp-json\/wp\/v2\/pages\/404\/revisions"}],"predecessor-version":[{"id":2833,"href":"https:\/\/www.cardiffdigs.co.uk\/cy\/wp-json\/wp\/v2\/pages\/404\/revisions\/2833"}],"up":[{"embeddable":true,"href":"https:\/\/www.cardiffdigs.co.uk\/cy\/wp-json\/wp\/v2\/pages\/401"}],"wp:attachment":[{"href":"https:\/\/www.cardiffdigs.co.uk\/cy\/wp-json\/wp\/v2\/media?parent=404"}],"curies":[{"name":"wp","href":"https:\/\/api.w.org\/{rel}","templated":true}]}}