{"id":392,"date":"2015-08-18T14:14:32","date_gmt":"2015-08-18T14:14:32","guid":{"rendered":"http:\/\/dev.cardiffdigs.co.uk\/?page_id=392"},"modified":"2024-11-29T10:52:02","modified_gmt":"2024-11-29T10:52:02","slug":"stwff-cyfreithiol","status":"publish","type":"page","link":"https:\/\/www.cardiffdigs.co.uk\/cy\/llety\/or-neuadd-i-dy\/stwff-cyfreithiol\/","title":{"rendered":"Stwff cyfreithiol"},"content":{"rendered":"<div class=\"wpb-content-wrapper\"><p>[vc_row][vc_column width=&#8221;1\/1&#8243;][vc_column_text]<\/p>\n<h1>Stwff cyfreithiol<\/h1>\n<p>[\/vc_column_text][\/vc_column][\/vc_row][vc_row][vc_column width=&#8221;1\/1&#8243;]<div class=\"spacer\" style=\"height: 40px;\"><\/div>[\/vc_column][\/vc_row][vc_row][vc_column width=&#8221;1\/3&#8243;]<div class=\"single_image wpb_content_element align-left    \" data-animation=\"none\" data-delay=\"0\"><img loading=\"lazy\" decoding=\"async\" width=\"1173\" height=\"782\" src=\"https:\/\/www.cardiffdigs.co.uk\/wp-content\/uploads\/renting-legalities.jpg\" class=\"attachment-full\" alt=\"Person signing a contract\" title=\"\" srcset=\"https:\/\/www.cardiffdigs.co.uk\/wp-content\/uploads\/renting-legalities.jpg 1173w, https:\/\/www.cardiffdigs.co.uk\/wp-content\/uploads\/renting-legalities-300x200.jpg 300w, https:\/\/www.cardiffdigs.co.uk\/wp-content\/uploads\/renting-legalities-768x512.jpg 768w, https:\/\/www.cardiffdigs.co.uk\/wp-content\/uploads\/renting-legalities-1024x683.jpg 1024w, https:\/\/www.cardiffdigs.co.uk\/wp-content\/uploads\/renting-legalities-600x400.jpg 600w\" sizes=\"auto, (max-width: 1173px) 100vw, 1173px\" \/><\/div>[\/vc_column][vc_column width=&#8221;2\/3&#8243;][vc_tta_accordion section_title_tag=&#8221;h2&#8243; color=&#8221;black&#8221; active_section=&#8221;1&#8243;][vc_tta_section title=&#8221;Contractau&#8221; tab_id=&#8221;1586958290209-a192ebf5-9b67&#8243;][vc_column_text]Efallai y bydd eich asiant gosod tai neu\u2019ch landlord yn gofyn i chi lofnodi cytundeb tenantiaeth (contract). Mae hyn yn gyfreithiol rwymol.\u00a0 Ar \u00f4l i chi ei lofnodi mae bron yn amhosib ei wrthdroi, ac os yw&#8217;n bosib \u2013 codir t\u00e2l arnoch i wneud hynny!<\/p>\n<p>Dylai\u2019ch landlord roi 24 awr i chi fynd \u00e2\u2019r contract gyda chi er mwyn i arbenigwr wirio am delerau annheg. Yn ystod y cyfnod hwn, dylid cadw\u2019r t\u0177 ar eich cyfer yn rhad ac am ddim.\u00a0 Gofynnwch i rywun edrych dros y contract i chi, eich rhieni,\u00a0 yr Undeb Myfyrwyr neu&#8217;r Brifysgol efallai.<\/p>\n<p><strong>Cofiwch \u2013 does dim rhaid i chi lofnodi ar y diwrnod rydych yn penderfynu eich bod am rentu&#8217;r t\u0177.<\/strong>[\/vc_column_text][\/vc_tta_section][vc_tta_section title=&#8221;Gwasanaethau Cyngor Prifysgolion&#8221; tab_id=&#8221;1586958290227-3102867d-402c&#8221;][vc_column_text]<strong>Myfyrwyr Prifysgol Caerdydd<\/strong><\/p>\n<p>I gael adolygu eich contract, e-bostiwch gopi o&#8217;ch contract i <a href=\"mailto:advice@cardiff.ac.uk\">advice@cardiff.ac.uk<\/a> neu cysylltwch \u00e2&#8217;r T\u00eem Cyngor dros y ff\u00f4n ar 02920 781 410.<\/p>\n<p>Gallwch ddysgu rhagor am D\u00eem Cyngor Myfyrwyr UMPC yn <a href=\"https:\/\/www.cardiffstudents.com\/advice\/talktous\/\">https:\/\/www.cardiffstudents.com\/advice\/talktous\/<\/a><\/p>\n<p><strong>Myfyrwyr Prifysgol Fetropolitan Caerdydd<\/strong><br \/>\nCysylltwch \u00e2&#8217;ch Swyddog Llety:<br \/>\n029 2041 6188\/accomm@cardiffmet.ac.uk<\/p>\n<p><strong>Myfyrwyr Prifysgol De Cymru<\/strong><br \/>\nCysylltwch \u00e2&#8217;ch Swyddog Llety:<br \/>\n01443 482044\/ accom@southwales.ac.uk[\/vc_column_text][\/vc_tta_section][vc_tta_section title=&#8221;Cofiwch sicrhau&#8221; tab_id=&#8221;1586958748293-d1c82cac-884c&#8221;][vc_column_text]\u25feBod unrhyw addewidion geiriol wedi&#8217;u cynnwys yn y cytundeb tenantiaeth ysgrifenedig. Dylid eu llofnodi a&#8217;u dyddio;<br \/>\n\u25feBod enw pob tenant ar y cytundeb;<br \/>\n\u25feBod gennych gopi o&#8217;r contract ac rydych yn ei gadw mewn man diogel fel y gallwch gyfeirio&#8217;n \u00f4l ato os bydd unrhyw broblemau&#8217;n codi;<br \/>\n\u25feOs ydych ar gontract ar y cyd, eich bod yn deall eich bod yn atebol ar y cyd am unrhyw ddifrod a achosir i rannau cymunedol o&#8217;r eiddo e.e. y gegin a&#8217;r ystafell fyw. Dylech rentu gyda phobl rydych yn ymddiried ynddynt yn unig;<br \/>\n\u25feOs ydych chi neu denant arall am adael y denantiaeth cyn diwedd y contract, eich bod yn deall mai eich cyfrifoldeb chi yw dod o hyd i denant arall. Mae&#8217;n bosibl hefyd y codir t\u00e2l am adael y contract yn gynnar. Chi sy\u2019n gyfrifol am rent tan ddiwedd y denantiaeth;<br \/>\n\u25feNad ydych yn gwneud unrhyw daliadau (gan gynnwys y blaendal neu ffioedd asiantaeth) cyn llofnodi&#8217;r contract.<\/p>\n<p>Lawrlwythwch y <a href=\"https:\/\/cardiffdigs.co.uk\/wp-content\/uploads\/UCTleafletNov2012.pdf\" target=\"\" rel=\"noopener noreferrer\">daflen deall eich contract tenantiaeth<\/a> am fwy o wybodaeth.<br \/>\nOs nad ydych yn si\u0175r am unrhyw beth yn y contract, ffoniwch:<br \/>\nCanolfan Dewisiadau Tai ar 029 20 570750[\/vc_column_text][\/vc_tta_section][vc_tta_section title=&#8221;Blaendaliadau&#8221; tab_id=&#8221;1586958801516-f9383f3f-538f&#8221;][vc_column_text]Gellir hefyd gyfeirio at y rhain fel bondiau. Dyma swm o arian y mae ei angen ar y landlord neu\u2019r asiantaeth gosod tai fel ernes rhag ofn y byddwch yn difrodi\u2019r eiddo.<\/p>\n<p>Gellir hefyd ei ddefnyddio i dalu am filiau neu rent dyledus neu ddodrefn sydd ar goll. Bydd y rhan fwyaf o landlordiaid ac asiantau yn gofyn am swm sy\u2019n gyfwerth \u00e2 chost rhent am fis ond yr uchafswm y gall landlord ei godi yw chweched o\u2019r rhent blynyddol sy\u2019n daladwy.<\/p>\n<p>Rhaid i\u2019ch blaendal gael ei ddiogelu dan Gynllun Diogelu Blaendaliadau Tenantiaeth. Mae hwn yn ofyniad cyfreithiol. Rhaid i\u2019ch landlord neu\u2019ch asiantaeth gosod tai roi i chi fanylion am le y diogelir eich blaendal ymhen 30 diwrnod o dalu\u2019r arian iddynt. Os nad ydych yn si\u0175r a yw eich blaendal wedi\u2019i ddiogelu, gofynnwch i\u2019ch landlord neu cysylltwch \u00e2\u2019r cynlluniau cymeradwy:<br \/>\n<a href=\"https:\/\/www.depositprotection.com\/\" target=\"\" rel=\"noopener noreferrer\">Gwasanaeth Diogelu Blaendaliadau<\/a><br \/>\n0330 303 0030<br \/>\n<a href=\"https:\/\/www.mydeposits.co.uk\/\" target=\"\" rel=\"noopener noreferrer\">FyMlaendaliadau<\/a><br \/>\n0844 980 0290<br \/>\n<a href=\"https:\/\/www.tenancydepositscheme.com\/\" target=\"\" rel=\"noopener noreferrer\">Y Cynllun Blaendaliadau Tenantiaeth<\/a><br \/>\n0845 226 7837<\/p>\n<p>Pan symudwch allan, os byddwch chi a\u2019ch landlord yn cytuno ar faint o\u2019r blaendal y byddwch yn ei gael yn \u00f4l, rhaid iddo gael ei ddychwelyd o fewn 10 diwrnod o ddyddiad gorffen y denantiaeth. Os ydych chi a\u2019ch landlord yn dadlau, yna diogelir eich blaendal yn y cynllun blaendaliadau nes y caiff y mater ei ddatrys.<\/p>\n<p>I sicrhau eich bod yn cael eich blaendal llawn yn \u00f4l llenwch y rhestr eiddo llawn wrth i chi gyrraedd. Dylai eich landlord neu\u2019ch asiantaeth gosod tai fynd trwy hyn gyda chi, ond gallwch greu eich rhestr eiddo eich hunain os oes angen. Nodwch unrhyw farciau ar ddodrefn neu broblemau yn yr eiddo. Efallai y byddwch am gymryd lluniau. Os oes problemau yn y t\u0177 wrth i chi gyrraedd, dywedwch wrth eich landlord neu\u2019ch asiantaeth gosod tai cyn gynted \u00e2 phosibl. Cytunwch ar y rhestr eiddo gyda\u2019ch landlord a chadwch gopi ar gyfer eich cofnodion.[\/vc_column_text][\/vc_tta_section][vc_tta_section title=&#8221;Hawliau a Chyfrifoldebau Tenantiaid&#8221; tab_id=&#8221;1586958875598-20935070-989c&#8221;][vc_column_text]Mae&#8217;n bwysig gwybod beth yw eich hawliau a&#8217;ch cyfrifoldebau fel tenant. Mae hyn yn eich helpu i gynnal perthynas dda gyda&#8217;ch landlord, eich cymdogion a&#8217;ch cydletywyr.<br \/>\n<strong>Mae gan bob tenant yr hawl i:<\/strong><br \/>\n\u2022 wybod telerau\u2019r denantiaeth<br \/>\n\u2022 allu cysylltu \u00e2&#8217;r landlord naill ai&#8217;n uniongyrchol neu drwy asiantaeth gosod tai.<br \/>\n\u2022 eiddo o gyflwr safonol a llety diogel<br \/>\n\u2022 mwynhad didramgwydd wrth fyw yn yr eiddo<br \/>\n\u2022 rhybudd priodol (24 awr o rybudd) os yw&#8217;r landlord am archwilio neu ymweld \u00e2&#8217;r eiddo<br \/>\n\u2022 rhybudd priodol os yw&#8217;r landlord am i&#8217;r tenant adael<br \/>\n<strong>Mae pob tenant yn gyfrifol am:<\/strong><br \/>\n\u2022 gyflwyno sbwriel yn gywir (gan gynnwys defnyddio cadiau gwastraff bwyd, biniau\/bagiau du a bagiau ailgylchu yn gywir);<br \/>\n\u2022 peidio \u00e2 bod yn swnllyd, efallai y byddwch yn rhannu wal gyda chymdogion hyn neu rai sydd \u00e2 phlant ifanc;<br \/>\n\u2022 sicrhau bod yr eiddo&#8217;n ddiogel drwy ddefnyddio cloeon ar y ffenestri a&#8217;r drysau a ddarperir gan y landlord;<br \/>\n\u2022 gwybod pwy yw eich cyflenwyr d\u0175r, nwy a thrydan a thalu biliau ar amser;<br \/>\n\u2022 gwneud m\u00e2n atgyweiriadau, fel adnewyddu bylbiau golau, gosod batris newydd mewn larymau t\u00e2n, clirio toiledau sydd wedi\u2019u blocio;<br \/>\n\u2022 talu rhent ar amser;<br \/>\n\u2022 sicrhau bod yr eiddo wedi&#8217;i wresogi&#8217;n ddigonol i atal lleithder a llwydni rhag tyfu. Gall cost y difrod a achosir i&#8217;r eiddo o ganlyniad i hyn gael ei dynnu o&#8217;ch blaendal.[\/vc_column_text][\/vc_tta_section][vc_tta_section title=&#8221;Hawliau a Chyfrifoldebau\u2019r Landlord&#8221; tab_id=&#8221;1586958942338-0c6f7fd7-1038&#8243;][vc_column_text]<strong>Mae gan bob landlord yr hawl i:<\/strong><br \/>\n\u2022 bennu telerau&#8217;r cytundeb cyn i&#8217;r denantiaeth ddechrau;<br \/>\n\u2022 cael rhent ar y dyddiad y cytunwyd arno yn y contract;<br \/>\n\u2022 cael gwybod am unrhyw atgyweiriadau angenrheidiol;<br \/>\n\u2022 cael rhybudd priodol gan denant os yw&#8217;n dymuno gadael;<br \/>\n\u2022 mynediad rhesymol i&#8217;r eiddo (drwy roi 24 awr o rybudd i denantiaid);<br \/>\n\u2022 gofyn am flaendal y gellir ei ddefnyddio i dalu am unrhyw ddifrod i&#8217;r eiddo gan y tenant;<br \/>\n\u2022 gofyn am rent ymlaen llaw;<br \/>\n\u2022 dewis pwy fydd yn cael gosod yr eiddo cyn belled \u00e2 bod y dewis yn cydymffurfio \u00e2&#8217;r ddeddfwriaeth sy&#8217;n gwahardd gwahaniaethu ar sail hil, rhyw neu grefydd.<br \/>\n<strong>Mae pob landlord yn gyfrifol am:<\/strong><br \/>\n\u2022 diogelu eich bond\/blaendal mewn cynllun Blaendal Tenantiaeth;<br \/>\n\u2022 rhoi tystysgrif diogelwch nwy gyfredol i chi;<br \/>\n\u2022 bodloni&#8217;r telerau yn y cytundeb tenantiaeth;<br \/>\n\u2022 gwneud gwaith atgyweirio a chynnal a chadw&#8217;r eiddo fel y cytunwyd yn y cytundeb tenantiaeth;<br \/>\n\u2022 os yw&#8217;n berthnasol, trwyddedu&#8217;r eiddo o dan gynlluniau Trwyddedu Tai Amlfeddiannaeth.<br \/>\n\u2022 Cael trwydded drwy <a href=\"https:\/\/www.rhentudoeth.llyw.cymru\/cym\/\" target=\"\" rel=\"noopener noreferrer\">Rhentu Doeth Cymru<\/a>[\/vc_column_text][\/vc_tta_section][\/vc_tta_accordion][\/vc_column][\/vc_row]<\/p>\n<\/div>","protected":false},"excerpt":{"rendered":"<p>[vc_row][vc_column width=&#8221;1\/1&#8243;][vc_column_text] Stwff cyfreithiol [\/vc_column_text][\/vc_column][\/vc_row][vc_row][vc_column width=&#8221;1\/1&#8243;][\/vc_column][\/vc_row][vc_row][vc_column width=&#8221;1\/3&#8243;][\/vc_column][vc_column width=&#8221;2\/3&#8243;][vc_tta_accordion section_title_tag=&#8221;h2&#8243; color=&#8221;black&#8221; active_section=&#8221;1&#8243;][vc_tta_section title=&#8221;Contractau&#8221; tab_id=&#8221;1586958290209-a192ebf5-9b67&#8243;][vc_column_text]Efallai y bydd eich asiant gosod tai neu\u2019ch landlord yn gofyn i chi lofnodi cytundeb tenantiaeth (contract). Mae hyn yn gyfreithiol rwymol.\u00a0 Ar \u00f4l i chi ei lofnodi mae bron yn amhosib ei wrthdroi, ac os yw&#8217;n bosib \u2013 codir t\u00e2l arnoch i wneud hynny! Dylai\u2019ch landlord roi 24 awr i chi fynd \u00e2\u2019r contract gyda chi er mwyn i arbenigwr wirio am delerau annheg. Yn ystod y cyfnod hwn, dylid cadw\u2019r t\u0177 ar eich cyfer yn rhad ac am ddim.\u00a0 Gofynnwch i rywun edrych dros y contract i chi, eich rhieni,\u00a0 yr Undeb Myfyrwyr neu&#8217;r Brifysgol efallai. Cofiwch \u2013 does dim rhaid i chi lofnodi ar y diwrnod rydych yn penderfynu eich bod am rentu&#8217;r t\u0177.[\/vc_column_text][\/vc_tta_section][vc_tta_section title=&#8221;Gwasanaethau Cyngor Prifysgolion&#8221; tab_id=&#8221;1586958290227-3102867d-402c&#8221;][vc_column_text]Myfyrwyr Prifysgol Caerdydd I gael adolygu eich contract, e-bostiwch gopi o&#8217;ch contract i advice@cardiff.ac.uk neu cysylltwch \u00e2&#8217;r T\u00eem Cyngor dros y ff\u00f4n ar 02920 781 410. Gallwch ddysgu rhagor am D\u00eem Cyngor Myfyrwyr UMPC yn https:\/\/www.cardiffstudents.com\/advice\/talktous\/ Myfyrwyr Prifysgol Fetropolitan Caerdydd Cysylltwch \u00e2&#8217;ch Swyddog Llety: 029 2041 6188\/accomm@cardiffmet.ac.uk Myfyrwyr Prifysgol De Cymru Cysylltwch \u00e2&#8217;ch Swyddog Llety: 01443 482044\/ accom@southwales.ac.uk[\/vc_column_text][\/vc_tta_section][vc_tta_section title=&#8221;Cofiwch sicrhau&#8221; tab_id=&#8221;1586958748293-d1c82cac-884c&#8221;][vc_column_text]\u25feBod unrhyw addewidion geiriol wedi&#8217;u cynnwys yn y [&hellip;]<\/p>\n","protected":false},"author":1,"featured_media":0,"parent":386,"menu_order":0,"comment_status":"open","ping_status":"open","template":"","meta":{"footnotes":""},"class_list":["post-392","page","type-page","status-publish","hentry"],"_links":{"self":[{"href":"https:\/\/www.cardiffdigs.co.uk\/cy\/wp-json\/wp\/v2\/pages\/392","targetHints":{"allow":["GET"]}}],"collection":[{"href":"https:\/\/www.cardiffdigs.co.uk\/cy\/wp-json\/wp\/v2\/pages"}],"about":[{"href":"https:\/\/www.cardiffdigs.co.uk\/cy\/wp-json\/wp\/v2\/types\/page"}],"author":[{"embeddable":true,"href":"https:\/\/www.cardiffdigs.co.uk\/cy\/wp-json\/wp\/v2\/users\/1"}],"replies":[{"embeddable":true,"href":"https:\/\/www.cardiffdigs.co.uk\/cy\/wp-json\/wp\/v2\/comments?post=392"}],"version-history":[{"count":5,"href":"https:\/\/www.cardiffdigs.co.uk\/cy\/wp-json\/wp\/v2\/pages\/392\/revisions"}],"predecessor-version":[{"id":2827,"href":"https:\/\/www.cardiffdigs.co.uk\/cy\/wp-json\/wp\/v2\/pages\/392\/revisions\/2827"}],"up":[{"embeddable":true,"href":"https:\/\/www.cardiffdigs.co.uk\/cy\/wp-json\/wp\/v2\/pages\/386"}],"wp:attachment":[{"href":"https:\/\/www.cardiffdigs.co.uk\/cy\/wp-json\/wp\/v2\/media?parent=392"}],"curies":[{"name":"wp","href":"https:\/\/api.w.org\/{rel}","templated":true}]}}