{"id":1660,"date":"2020-04-16T13:35:11","date_gmt":"2020-04-16T13:35:11","guid":{"rendered":"https:\/\/app-cprd-cardiffdigs.azurewebsites.net\/?page_id=1660"},"modified":"2024-11-29T10:49:19","modified_gmt":"2024-11-29T10:49:19","slug":"biliau","status":"publish","type":"page","link":"https:\/\/www.cardiffdigs.co.uk\/cy\/llety\/byw-yn-eich-cartref-newydd\/biliau\/","title":{"rendered":"Biliau"},"content":{"rendered":"<div class=\"wpb-content-wrapper\"><p>[vc_row][vc_column width=&#8221;1\/1&#8243;][vc_column_text]<\/p>\n<h1>Biliau<\/h1>\n<p>[\/vc_column_text][\/vc_column][\/vc_row][vc_row][vc_column width=&#8221;1\/1&#8243;]<div class=\"spacer\" style=\"height: 40px;\"><\/div>[\/vc_column][\/vc_row][vc_row][vc_column width=&#8221;1\/3&#8243;]<div class=\"single_image wpb_content_element align-left    \" data-animation=\"none\" data-delay=\"0\"><img loading=\"lazy\" decoding=\"async\" width=\"1378\" height=\"920\" src=\"https:\/\/www.cardiffdigs.co.uk\/wp-content\/uploads\/bills.jpg\" class=\"attachment-full\" alt=\"Person calculating bills\" title=\"\" srcset=\"https:\/\/www.cardiffdigs.co.uk\/wp-content\/uploads\/bills.jpg 1378w, https:\/\/www.cardiffdigs.co.uk\/wp-content\/uploads\/bills-300x200.jpg 300w, https:\/\/www.cardiffdigs.co.uk\/wp-content\/uploads\/bills-768x513.jpg 768w, https:\/\/www.cardiffdigs.co.uk\/wp-content\/uploads\/bills-1024x684.jpg 1024w, https:\/\/www.cardiffdigs.co.uk\/wp-content\/uploads\/bills-600x400.jpg 600w\" sizes=\"auto, (max-width: 1378px) 100vw, 1378px\" \/><\/div>[\/vc_column][vc_column width=&#8221;2\/3&#8243;][vc_tta_accordion section_title_tag=&#8221;h2&#8243; color=&#8221;black&#8221; active_section=&#8221;1&#8243;][vc_tta_section title=&#8221;Cyllidebu ar gyfer Biliau&#8221; tab_id=&#8221;1587038383186-0126f17d-6b50&#8243;][vc_column_text]Oni bai ei fod wedi&#8217;i gynnwys yn eich contract, byddwch yn gyfrifol am bob bil trydan\/nwy\/d\u0175r yn ystod cyfnod eich tenantiaeth a bydd angen i chi gyllidebu ar gyfer hyn.<\/p>\n<p>Ar \u00f4l symud i mewn, rhowch wybod i\u2019r cwmn\u00efau cyfleustodau am eich dyddiad symud i mewn a nodwch ddarlleniad mesurydd er mwyn osgoi talu\u2019r bil ar gyfer preswylwyr blaenorol. Os nad ydych yn si\u0175r pwy yw eich cwmn\u00efau cyfleustodau, gofynnwch i&#8217;ch landlord\/asiant gosod. Cofiwch roi enwau pob tenant ar y biliau, fel bod pawb yr un mor atebol.<\/p>\n<p>Awgrym: Beth am sefydlu cyfrif banc ar y cyd ar gyfer eich holl filiau t\u0177? Cytunwch ar swm teg a chyfartal i gyfrannu at y cyfrif a phryd y bydd yr arian hwn yn mynd i mewn. Yna, gellir talu pob bil yn uniongyrchol o&#8217;r cyfrif ar y cyd yn hytrach nag o gyfrif banc un person.[\/vc_column_text][\/vc_tta_section][vc_tta_section title=&#8221;D\u0175r&#8221; tab_id=&#8221;1587038383201-8482a475-b8e9&#8243;][vc_column_text]D\u0175r Cymru yw prif ddarparwr d\u0175r yng Nghymru. Caiff myfyrwyr eu bilio o&#8217;r dyddiad y mae eu tenantiaeth yn dechrau. Er enghraifft, os byddwch yn llofnodi eich contract tenantiaeth o 1 Gorffennaf ymlaen, byddant yn eich bilio o 1 Gorffennaf tan y dyddiad y daw eich contract tenantiaeth i ben. Bydd dal angen i chi dalu drwy gydol yr haf hyd yn oed os nad ydych yn byw yno, oni bai eich bod yn cytuno \u00e2&#8217;ch landlord neu&#8217;ch asiant gosod.<\/p>\n<p>Os ydych yn byw mewn eiddo \u00e2 mesurydd, byddwch yn cael eich bilio ar sail y d\u0175r y byddwch yn ei ddefnyddio bob chwe mis. Bydd D\u0175r Cymru yn ymweld \u00e2&#8217;ch eiddo i gymryd darlleniad. Mae mesurydd rhai eiddo ar y tu allan, ond os yw peiriannydd yn gofyn am gael darllen mesurydd y tu mewn i&#8217;r eiddo, gwnewch yn si\u0175r eich bod yn chwilio am brawf adnabod yn gyntaf. Os nad ydyn nhw&#8217;n gallu darllen y mesurydd, byddan nhw&#8217;n anfon bil amcangyfrifedig.<\/p>\n<p>Os ydych yn byw mewn eiddo heb fesurydd, cewch eich bilio o&#8217;r dyddiad y bydd eich tenantiaeth yn dechrau tan 31 Mawrth. O 1 Ebrill, caiff cyfraddau d\u0175r eu diwygio a bydd bil newydd yn cael ei gyhoeddi. Chi fydd yn gyfrifol am hyn tan ddiwedd y flwyddyn, neu nes i chi symud allan. Gallwch hysbysu D\u0175r Cymru am eich dyddiad symud bythefnos ymlaen llaw drwy eu gwefan.<\/p>\n<p>Gallwch greu a rheoli cyfrif ar gyfer eich biliau d\u0175r ar-lein yn <a href=\"http:\/\/www.dwrcymru.com\" target=\"\" rel=\"noopener noreferrer\">www.dwrcymru.com<\/a> neu cysylltwch \u00e2 0800 052 0145.[\/vc_column_text][\/vc_tta_section][vc_tta_section title=&#8221;Nwy a Thrydan&#8221; tab_id=&#8221;1587038567446-046214a5-0edb&#8221;][vc_column_text]Pan fyddwch yn symud i mewn i&#8217;ch cartref newydd, bydd angen i chi gysylltu \u00e2&#8217;ch cyflenwyr nwy a thrydan gyda darlleniad mesurydd er mwyn sicrhau nad ydych yn cael eich bilio am ddefnydd tenantiaid blaenorol. Gall eich landlord neu eich asiant gosod roi gwybod i chi pwy yw eich cyflenwyr.<\/p>\n<p>Os na chynhwysir nwy a thrydan yn eich rhent, gallwch newid cyflenwr, a allai arbed arian i chi, neu gallech ddewis cwmni ecogyfeillgar. Mae llawer o wahanol gwmn\u00efau ar gael sy\u2019n cynnig cyfraddau gwahanol.[\/vc_column_text][\/vc_tta_section][vc_tta_section title=&#8221;Band eang, ff\u00f4n a theledu&#8221; tab_id=&#8221;1587038682400-567ef24f-78f0&#8243;][vc_column_text]Yn aml mae band eang yn bwysig iawn ym mywyd myfyrwyr! Mae darparwyr yn aml yn cyfuno bargen band eang \u00e2 chynnig teledu a ff\u00f4n llinell dir. Pan fyddwch chi&#8217;n symud i mewn, meddyliwch am eich gofynion, yn unigol ac fel rhan o&#8217;ch gr\u0175p t\u0177. Siaradwch \u00e2&#8217;ch ffrindiau t\u0177 am ba becyn yr hoffech ei gael a siopa o gwmpas cyn cofrestru gan fod llawer o opsiynau ar gael.<\/p>\n<p>Er mwyn sicrhau nad ydych yn cael eich cyhuddo o wneud difrod diangen, defnyddiwch y gosodiadau band eang a theledu presennol i atal tyllau newydd rhag cael eu drilio i&#8217;r waliau am geblau. Fodd bynnag, os ydych am osod cynhyrchion newydd, gofynnwch am ganiat\u00e2d y landlord yn gyntaf a gwnewch hynny&#8217;n ysgrifenedig.[\/vc_column_text][\/vc_tta_section][vc_tta_section title=&#8221;Trwyddedu Teledu&#8221; tab_id=&#8221;1587038776638-eab25883-a252&#8243;][vc_column_text]Gan ddibynnu ar y gwasanaethau teledu rydych chi&#8217;n eu defnyddio, efallai y bydd angen i chi brynu trwydded.<\/p>\n<p>Mae&#8217;r gyfraith yn dweud bod angen i chi fod wedi&#8217;ch cynnwys mewn trwydded deledu i wneud y canlynol:<br \/>\n<em>\u2022<\/em> <strong>gwylio neu recordio rhaglenni wrth iddyn nhw gael eu dangos ar y teledu, ar unrhyw sianel<\/strong><br \/>\n<em>\u2022<\/em><strong> gwylio neu ffrydio rhaglenni yn fyw ar wasanaeth teledu ar-lein<\/strong><em> (fel ITV Hub, All 4, YouTube, Amazon Prime Video, Now TV a Sky Go)<\/em><br \/>\n<em>\u2022<\/em><strong> lawrlwytho neu wylio unrhyw rai o raglenni&#8217;r BBC ar iPlayer.<\/strong> <em>Mae hyn yn berthnasol i unrhyw ddyfais a ddefnyddiwch, gan gynnwys teledu, cyfrifiadur bwrdd gwaith, gliniadur, ff\u00f4n symudol, cyfrifiadur llechen, consol gemau, blwch digidol neu recordydd DVD\/VHS.<\/em><\/p>\n<p>Os yw eich t\u0177 ar gyd-denantiaeth, yna dim ond un drwydded sydd angen i chi ei chael. Dim ond gyda thenantiaethau unigol y mae angen trwyddedau unigol. Am fwy o wybodaeth ac i brynu eich trwydded deledu ar-lein, ewch i <a href=\"https:\/\/www.tvlicensing.co.uk\/\" target=\"\" rel=\"noopener noreferrer\">www.tvlicensing.co.uk<\/a>[\/vc_column_text][\/vc_tta_section][\/vc_tta_accordion][\/vc_column][\/vc_row]<\/p>\n<\/div>","protected":false},"excerpt":{"rendered":"<p>[vc_row][vc_column width=&#8221;1\/1&#8243;][vc_column_text] Biliau [\/vc_column_text][\/vc_column][\/vc_row][vc_row][vc_column width=&#8221;1\/1&#8243;][\/vc_column][\/vc_row][vc_row][vc_column width=&#8221;1\/3&#8243;][\/vc_column][vc_column width=&#8221;2\/3&#8243;][vc_tta_accordion section_title_tag=&#8221;h2&#8243; color=&#8221;black&#8221; active_section=&#8221;1&#8243;][vc_tta_section title=&#8221;Cyllidebu ar gyfer Biliau&#8221; tab_id=&#8221;1587038383186-0126f17d-6b50&#8243;][vc_column_text]Oni bai ei fod wedi&#8217;i gynnwys yn eich contract, byddwch yn gyfrifol am bob bil trydan\/nwy\/d\u0175r yn ystod cyfnod eich tenantiaeth a bydd angen i chi gyllidebu ar gyfer hyn. Ar \u00f4l symud i mewn, rhowch wybod i\u2019r cwmn\u00efau cyfleustodau am eich dyddiad symud i mewn a nodwch ddarlleniad mesurydd er mwyn osgoi talu\u2019r bil ar gyfer preswylwyr blaenorol. Os nad ydych yn si\u0175r pwy yw eich cwmn\u00efau cyfleustodau, gofynnwch i&#8217;ch landlord\/asiant gosod. Cofiwch roi enwau pob tenant ar y biliau, fel bod pawb yr un mor atebol. Awgrym: Beth am sefydlu cyfrif banc ar y cyd ar gyfer eich holl filiau t\u0177? Cytunwch ar swm teg a chyfartal i gyfrannu at y cyfrif a phryd y bydd yr arian hwn yn mynd i mewn. Yna, gellir talu pob bil yn uniongyrchol o&#8217;r cyfrif ar y cyd yn hytrach nag o gyfrif banc un person.[\/vc_column_text][\/vc_tta_section][vc_tta_section title=&#8221;D\u0175r&#8221; tab_id=&#8221;1587038383201-8482a475-b8e9&#8243;][vc_column_text]D\u0175r Cymru yw prif ddarparwr d\u0175r yng Nghymru. Caiff myfyrwyr eu bilio o&#8217;r dyddiad y mae eu tenantiaeth yn dechrau. Er enghraifft, os byddwch yn llofnodi eich contract tenantiaeth o 1 Gorffennaf ymlaen, byddant yn eich bilio o 1 Gorffennaf [&hellip;]<\/p>\n","protected":false},"author":1,"featured_media":0,"parent":401,"menu_order":0,"comment_status":"closed","ping_status":"closed","template":"","meta":{"footnotes":""},"class_list":["post-1660","page","type-page","status-publish","hentry"],"_links":{"self":[{"href":"https:\/\/www.cardiffdigs.co.uk\/cy\/wp-json\/wp\/v2\/pages\/1660","targetHints":{"allow":["GET"]}}],"collection":[{"href":"https:\/\/www.cardiffdigs.co.uk\/cy\/wp-json\/wp\/v2\/pages"}],"about":[{"href":"https:\/\/www.cardiffdigs.co.uk\/cy\/wp-json\/wp\/v2\/types\/page"}],"author":[{"embeddable":true,"href":"https:\/\/www.cardiffdigs.co.uk\/cy\/wp-json\/wp\/v2\/users\/1"}],"replies":[{"embeddable":true,"href":"https:\/\/www.cardiffdigs.co.uk\/cy\/wp-json\/wp\/v2\/comments?post=1660"}],"version-history":[{"count":5,"href":"https:\/\/www.cardiffdigs.co.uk\/cy\/wp-json\/wp\/v2\/pages\/1660\/revisions"}],"predecessor-version":[{"id":2831,"href":"https:\/\/www.cardiffdigs.co.uk\/cy\/wp-json\/wp\/v2\/pages\/1660\/revisions\/2831"}],"up":[{"embeddable":true,"href":"https:\/\/www.cardiffdigs.co.uk\/cy\/wp-json\/wp\/v2\/pages\/401"}],"wp:attachment":[{"href":"https:\/\/www.cardiffdigs.co.uk\/cy\/wp-json\/wp\/v2\/media?parent=1660"}],"curies":[{"name":"wp","href":"https:\/\/api.w.org\/{rel}","templated":true}]}}